{"id":12469,"date":"2024-12-20T15:47:53","date_gmt":"2024-12-20T15:47:53","guid":{"rendered":"https:\/\/www.citationcanada.com\/?page_id=12469"},"modified":"2025-07-08T21:13:26","modified_gmt":"2025-07-08T21:13:26","slug":"carrieres","status":"publish","type":"page","link":"https:\/\/www.citationcanada.com\/fr\/carrieres\/","title":{"rendered":"Carri\u00e8res"},"content":{"rendered":"<div class=\"block block--spacer bg-color-grey\" style=\"height: 70px;\">\n  <\/div>\n\n\n<section class=\"block block--fifty-fifty\">\n  <div class=\"block__inner pt-30 pt-lg-40 pb-30 pb-lg-40 bg-color-grey bg-swirls-none fg-color-black\">\n        <div class=\"container\">\n      <div class=\"row gutter-x-lg-60 mb-40- flex-middle\">\n                  <div class=\"col-12 col-lg-6 remove-end-margins mb-40 order-lg-last\">\n            <div class=\"column-content--image mt-50 mb-30\">\n  <img loading=\"lazy\" decoding=\"async\" width=\"432\" height=\"339\" src=\"https:\/\/site-media.citationcanada.com\/app\/uploads\/2024\/06\/07203810\/Group-9.png\" class=\"attachment-full size-full\" alt=\"\" srcset=\"https:\/\/site-media.citationcanada.com\/app\/uploads\/2024\/06\/07203810\/Group-9.png 432w, https:\/\/site-media.citationcanada.com\/app\/uploads\/2024\/06\/07203810\/Group-9-300x235.png 300w, https:\/\/site-media.citationcanada.com\/app\/uploads\/2024\/06\/07203810\/Group-9-80x63.png 80w, https:\/\/site-media.citationcanada.com\/app\/uploads\/2024\/06\/07203810\/Group-9-150x118.png 150w\" sizes=\"(max-width: 432px) 100vw, 432px\" \/>\n<\/div>\n\n          <\/div>\n                  <div class=\"col-12 col-lg-6 remove-end-margins mb-40 order-lg-first\">\n            <div class=\"column-content--text max-w-490w\">\n  <h1 class=\"heroContentInner__heading heroContentInner__heading--aboutUsHero\"><small>Qui sommes-nous<\/small>Nous aidons les gens<br \/>\n\u00e0 aimer ce qu\u2019ils font<\/h1>\n<p>Derri\u00e8re le logiciel se trouvent de vraies<br \/>\npersonnes travaillant \u00e0 l\u2019un des meilleurs<br \/>\nendroits au Canada. \u00c0 titre de chef de file de<br \/>\nnotre espace, il importe que nous comprenions<br \/>\nce qui nous motive, le \u201cpourquoi\u201d derri\u00e8re ce<br \/>\nque nous faisons, qui est essentiel \u00e0 notre<br \/>\nsucc\u00e8s et \u00e0 celui de nos clients.<\/p>\n<h1><small>\u00a0<\/small><\/h1>\n\n<\/div>\n\n          <\/div>\n              <\/div>\n    <\/div>\n  <\/div>\n<\/section>\n\n\n<section class=\"block block--image-cards\">\n  <div class=\"block__inner pt-30 pt-lg-40 pb-30 pb-lg-40 bg-color-grey bg-swirls-none fg-color-black\">\n        <div class=\"container\">\n      <div class=\"row flex-center\">\n        <div class=\"col-7 mb-14\">\n          <style>.image-cards__col > div {background: transparent !important;}<\/style>\n\n        <\/div>\n      <\/div>\n              <div class=\"g-20 row flex-center text-center\">\n                      <div class=\"image-cards__col col-auto d-flex flex-row flex-wrap p-0\">\n              <div class=\"d-flex flex-row flex-wrap flex-fill bg-color-white fg-color-black border-radius-20px overflow-hidden p-21\">\n                                <div class=\"image-cards__image d-flex flex-center flex-middle w-100 mb-5\">\n                  <img loading=\"lazy\" decoding=\"async\" width=\"107\" height=\"150\" src=\"https:\/\/site-media.citationcanada.com\/app\/uploads\/2024\/12\/07203543\/Citation_Canada_CA_English_2024_Certification_Badge-1.png\" class=\"attachment-medium_large size-medium_large\" alt=\"\" srcset=\"https:\/\/site-media.citationcanada.com\/app\/uploads\/2024\/12\/07203543\/Citation_Canada_CA_English_2024_Certification_Badge-1.png 107w, https:\/\/site-media.citationcanada.com\/app\/uploads\/2024\/12\/07203543\/Citation_Canada_CA_English_2024_Certification_Badge-1-80x112.png 80w\" sizes=\"(max-width: 107px) 100vw, 107px\" \/>\n                <\/div>\n                                <div class=\"d-flex flex-center flex-middle flex-fill font-family-header font-weight-bold remove-end-margins\">\n                  <p><\/p>\n                <\/div>\n              <\/div>\n            <\/div>\n                      <div class=\"image-cards__col col-auto d-flex flex-row flex-wrap p-0\">\n              <div class=\"d-flex flex-row flex-wrap flex-fill bg-color-white fg-color-black border-radius-20px overflow-hidden p-21\">\n                                <div class=\"image-cards__image d-flex flex-center flex-middle w-100 mb-5\">\n                  <img loading=\"lazy\" decoding=\"async\" width=\"89\" height=\"150\" src=\"https:\/\/site-media.citationcanada.com\/app\/uploads\/2024\/12\/07203543\/2023-2024-Great-Place-to-Work-Certified-1.png\" class=\"attachment-medium_large size-medium_large\" alt=\"\" srcset=\"https:\/\/site-media.citationcanada.com\/app\/uploads\/2024\/12\/07203543\/2023-2024-Great-Place-to-Work-Certified-1.png 89w, https:\/\/site-media.citationcanada.com\/app\/uploads\/2024\/12\/07203543\/2023-2024-Great-Place-to-Work-Certified-1-80x135.png 80w\" sizes=\"(max-width: 89px) 100vw, 89px\" \/>\n                <\/div>\n                                <div class=\"d-flex flex-center flex-middle flex-fill font-family-header font-weight-bold remove-end-margins\">\n                  <p><\/p>\n                <\/div>\n              <\/div>\n            <\/div>\n                      <div class=\"image-cards__col col-auto d-flex flex-row flex-wrap p-0\">\n              <div class=\"d-flex flex-row flex-wrap flex-fill bg-color-white fg-color-black border-radius-20px overflow-hidden p-21\">\n                                <div class=\"image-cards__image d-flex flex-center flex-middle w-100 mb-5\">\n                  <img loading=\"lazy\" decoding=\"async\" width=\"89\" height=\"150\" src=\"https:\/\/site-media.citationcanada.com\/app\/uploads\/2024\/12\/07203543\/Certification-Badge_November-2022-3.png\" class=\"attachment-medium_large size-medium_large\" alt=\"\" srcset=\"https:\/\/site-media.citationcanada.com\/app\/uploads\/2024\/12\/07203543\/Certification-Badge_November-2022-3.png 89w, https:\/\/site-media.citationcanada.com\/app\/uploads\/2024\/12\/07203543\/Certification-Badge_November-2022-3-80x135.png 80w\" sizes=\"(max-width: 89px) 100vw, 89px\" \/>\n                <\/div>\n                                <div class=\"d-flex flex-center flex-middle flex-fill font-family-header font-weight-bold remove-end-margins\">\n                  <p><\/p>\n                <\/div>\n              <\/div>\n            <\/div>\n                      <div class=\"image-cards__col col-auto d-flex flex-row flex-wrap p-0\">\n              <div class=\"d-flex flex-row flex-wrap flex-fill bg-color-white fg-color-black border-radius-20px overflow-hidden p-21\">\n                                <div class=\"image-cards__image d-flex flex-center flex-middle w-100 mb-5\">\n                  <img loading=\"lazy\" decoding=\"async\" width=\"160\" height=\"150\" src=\"https:\/\/site-media.citationcanada.com\/app\/uploads\/2024\/12\/07203543\/2023_Professional-Services-Logo-2.png\" class=\"attachment-medium_large size-medium_large\" alt=\"\" srcset=\"https:\/\/site-media.citationcanada.com\/app\/uploads\/2024\/12\/07203543\/2023_Professional-Services-Logo-2.png 160w, https:\/\/site-media.citationcanada.com\/app\/uploads\/2024\/12\/07203543\/2023_Professional-Services-Logo-2-80x75.png 80w, https:\/\/site-media.citationcanada.com\/app\/uploads\/2024\/12\/07203543\/2023_Professional-Services-Logo-2-150x141.png 150w\" sizes=\"(max-width: 160px) 100vw, 160px\" \/>\n                <\/div>\n                                <div class=\"d-flex flex-center flex-middle flex-fill font-family-header font-weight-bold remove-end-margins\">\n                  <p><\/p>\n                <\/div>\n              <\/div>\n            <\/div>\n                      <div class=\"image-cards__col col-auto d-flex flex-row flex-wrap p-0\">\n              <div class=\"d-flex flex-row flex-wrap flex-fill bg-color-white fg-color-black border-radius-20px overflow-hidden p-21\">\n                                <div class=\"image-cards__image d-flex flex-center flex-middle w-100 mb-5\">\n                  <img loading=\"lazy\" decoding=\"async\" width=\"159\" height=\"150\" src=\"https:\/\/site-media.citationcanada.com\/app\/uploads\/2024\/12\/07203544\/2022_Canada_for_Giving_Back-1.png\" class=\"attachment-medium_large size-medium_large\" alt=\"\" srcset=\"https:\/\/site-media.citationcanada.com\/app\/uploads\/2024\/12\/07203544\/2022_Canada_for_Giving_Back-1.png 159w, https:\/\/site-media.citationcanada.com\/app\/uploads\/2024\/12\/07203544\/2022_Canada_for_Giving_Back-1-80x75.png 80w, https:\/\/site-media.citationcanada.com\/app\/uploads\/2024\/12\/07203544\/2022_Canada_for_Giving_Back-1-150x142.png 150w\" sizes=\"(max-width: 159px) 100vw, 159px\" \/>\n                <\/div>\n                                <div class=\"d-flex flex-center flex-middle flex-fill font-family-header font-weight-bold remove-end-margins\">\n                  <p><\/p>\n                <\/div>\n              <\/div>\n            <\/div>\n                      <div class=\"image-cards__col col-auto d-flex flex-row flex-wrap p-0\">\n              <div class=\"d-flex flex-row flex-wrap flex-fill bg-color-white fg-color-black border-radius-20px overflow-hidden p-21\">\n                                <div class=\"image-cards__image d-flex flex-center flex-middle w-100 mb-5\">\n                  <img loading=\"lazy\" decoding=\"async\" width=\"150\" height=\"150\" src=\"https:\/\/site-media.citationcanada.com\/app\/uploads\/2024\/12\/07203543\/CHHR-Best-Places-to-Work-2023-2.png\" class=\"attachment-medium_large size-medium_large\" alt=\"\" srcset=\"https:\/\/site-media.citationcanada.com\/app\/uploads\/2024\/12\/07203543\/CHHR-Best-Places-to-Work-2023-2.png 150w, https:\/\/site-media.citationcanada.com\/app\/uploads\/2024\/12\/07203543\/CHHR-Best-Places-to-Work-2023-2-80x80.png 80w\" sizes=\"(max-width: 150px) 100vw, 150px\" \/>\n                <\/div>\n                                <div class=\"d-flex flex-center flex-middle flex-fill font-family-header font-weight-bold remove-end-margins\">\n                  <p><\/p>\n                <\/div>\n              <\/div>\n            <\/div>\n                  <\/div>\n          <\/div>\n  <\/div>\n<\/section>\n\n\n<section class=\"block block--about-us bg-color-grey\">\n  <div class=\"block__inner pt-40 pt-lg-60 pb-40 pb-lg-60 bg-color-white fg-color-black border-radius-default max-w-1280px mx-auto bg-swirls-gradient\">\n        <div class=\"container\">\n      <div class=\"row flex-lg-between\">\n        <div class=\"col-12 col-lg-4 mb-50 mb-lg-0 mt-0 mt-lg-50 remove-end-margins\">\n           <section class=\"pageSection pageSection--aboutUsCulture bg-color-cream\">\n<div class=\"culturePointsBlock\">\n<div class=\"pageContent pageContent--aboutUsCulture\">\n<h2 class=\"pageContent__heading pageContent__heading--aboutUsCulture\">Une culture fond\u00e9e sur le plaisir<\/h2>\n<div class=\"pageContent__text pageContent__text--aboutUsCulture\">\n<p>Une culture fond\u00e9e sur l\u2019empathie et une forte \u00e9thique de travail. Nos \u00e9quipes aiment vraiment ce qu\u2019elles font.<\/p>\n<\/div>\n<\/div>\n<\/div>\n<\/section>\n<section class=\"pageSection pageSection--aboutUsCulture bg-color-cream\">\n<div class=\"culturePointsBlock\">\n<div class=\"pageContent pageContent--aboutUsCulture\"><\/div>\n<\/div>\n<\/section>\n<section class=\"pageSection pageSection--hero pageSection--aboutUsHero bg-color-cream\">\n<div class=\"heroContent rockstarsContent heroContent--aboutUsHero\"><\/div>\n<\/section>\n\n        <\/div>\n        <div class=\"col-12 col-lg-7 col-lg-offset-1\">\n                      <ul class=\"row mb-40 pl-0 pl-lg-20 gx-lg-67 flex-lg-between\">\n                              <li class=\"d-flex flex-column mb-45 col-12 col-lg-5 text-center text-lg-left\">\n                  <div>\n                    <img loading=\"lazy\" decoding=\"async\" width=\"85\" height=\"85\" src=\"https:\/\/site-media.citationcanada.com\/app\/uploads\/2024\/06\/07203809\/Group-11-1.png\" class=\"attachment-medium size-medium\" alt=\"\" srcset=\"https:\/\/site-media.citationcanada.com\/app\/uploads\/2024\/06\/07203809\/Group-11-1.png 85w, https:\/\/site-media.citationcanada.com\/app\/uploads\/2024\/06\/07203809\/Group-11-1-80x80.png 80w\" sizes=\"(max-width: 85px) 100vw, 85px\" \/>\n                  <\/div>\n                  <p class=\"mt-20 mb-13 font-size-h6 font-weight-semibold text-transform-uppercase fg-color-gradient\">BIEN-\u00caTRE<\/p>\n                  <p>Nos employ\u00e9s sont plus que des travailleurs de 9 \u00e0 5; ils sont des parents, des artistes, des leaders communautaires et tout ce qui se trouve entre les deux. Pour les aider \u00e0 prosp\u00e9rer, nous leur offrons dix jours de bien-\u00eatre pay\u00e9s qu\u2019ils peuvent utiliser comme bon leur semble parce qu\u2019ils doivent \u00eatre \u00e0 son mieux pour pouvoir offrir \u00e0 nos membres la meilleure technologie, le meilleur contenu et le meilleur service.<\/p>\n\n                <\/li>\n                              <li class=\"d-flex flex-column mb-45 col-12 col-lg-5 text-center text-lg-left\">\n                  <div>\n                    <img loading=\"lazy\" decoding=\"async\" width=\"85\" height=\"85\" src=\"https:\/\/site-media.citationcanada.com\/app\/uploads\/2024\/06\/07203809\/Group-12.png\" class=\"attachment-medium size-medium\" alt=\"\" srcset=\"https:\/\/site-media.citationcanada.com\/app\/uploads\/2024\/06\/07203809\/Group-12.png 85w, https:\/\/site-media.citationcanada.com\/app\/uploads\/2024\/06\/07203809\/Group-12-80x80.png 80w\" sizes=\"(max-width: 85px) 100vw, 85px\" \/>\n                  <\/div>\n                  <p class=\"mt-20 mb-13 font-size-h6 font-weight-semibold text-transform-uppercase fg-color-gradient\">CROISSANCE<\/p>\n                  <p>Notre strat\u00e9gie a toujours consist\u00e9 \u00e0 maintenir notre propre excellence en mati\u00e8re de RH et \u00e0 r\u00e9investir dans notre personnel. C\u2019est la raison pour laquelle nous sommes fiers d\u2019avoir une solide culture de croissance personnelle et professionnelle \u00e0 tous les niveaux de personnel.<\/p>\n\n                <\/li>\n                              <li class=\"d-flex flex-column mb-45 col-12 col-lg-5 text-center text-lg-left\">\n                  <div>\n                    <img loading=\"lazy\" decoding=\"async\" width=\"85\" height=\"85\" src=\"https:\/\/site-media.citationcanada.com\/app\/uploads\/2024\/06\/07203809\/Group-14.png\" class=\"attachment-medium size-medium\" alt=\"\" srcset=\"https:\/\/site-media.citationcanada.com\/app\/uploads\/2024\/06\/07203809\/Group-14.png 85w, https:\/\/site-media.citationcanada.com\/app\/uploads\/2024\/06\/07203809\/Group-14-80x80.png 80w\" sizes=\"(max-width: 85px) 100vw, 85px\" \/>\n                  <\/div>\n                  <p class=\"mt-20 mb-13 font-size-h6 font-weight-semibold text-transform-uppercase fg-color-gradient\">Innovation<\/p>\n                  <p>Les besoins en mati\u00e8re de RH \u00e9voluent constamment, tout comme les outils utilis\u00e9s pour r\u00e9pondre \u00e0 ces besoins. Notre personnel est fier d\u2019\u00eatre \u00e0 l\u2019avant-garde des RH en offrant sans rel\u00e2che une technologie, un contenu et un soutien de pointe.<\/p>\n\n                <\/li>\n                              <li class=\"d-flex flex-column mb-45 col-12 col-lg-5 text-center text-lg-left\">\n                  <div>\n                    <img loading=\"lazy\" decoding=\"async\" width=\"85\" height=\"85\" src=\"https:\/\/site-media.citationcanada.com\/app\/uploads\/2024\/06\/07203809\/Group-13.png\" class=\"attachment-medium size-medium\" alt=\"\" srcset=\"https:\/\/site-media.citationcanada.com\/app\/uploads\/2024\/06\/07203809\/Group-13.png 85w, https:\/\/site-media.citationcanada.com\/app\/uploads\/2024\/06\/07203809\/Group-13-80x80.png 80w\" sizes=\"(max-width: 85px) 100vw, 85px\" \/>\n                  <\/div>\n                  <p class=\"mt-20 mb-13 font-size-h6 font-weight-semibold text-transform-uppercase fg-color-gradient\">COMMUNAUT\u00c9<\/p>\n                  <p>Nous y travaillons. Nous y vivons. Nous y b\u00e2tissons. Nous sommes profond\u00e9ment enracin\u00e9s dans la ville de Forest City gr\u00e2ce \u00e0 diverses initiatives communautaires, causes caritatives, \u00e9v\u00e9nements et autres.<\/p>\n\n                <\/li>\n                          <\/ul>\n                  <\/div>\n      <\/div>\n    <\/div>\n  <\/div>\n<\/section>\n\n\n<div class=\"block block--spacer bg-color-grey\" style=\"height: 100px;\">\n  <\/div>\n\n\n<section class=\"block block--fifty-fifty\">\n  <div class=\"block__inner pt-40 pt-lg-60 pb-40 pb-lg-60 bg-color-grey bg-swirls-none fg-color-black border-radius-bottom-left-default border-radius-bottom-right-default\">\n        <div class=\"container\">\n      <div class=\"row gutter-x-lg-60 mb-40- flex-middle\">\n                  <div class=\"col-12 col-lg-6 remove-end-margins mb-40 order-lg-first\">\n            <div class=\"column-content--image mt-50 mb-30\">\n  <img loading=\"lazy\" decoding=\"async\" width=\"1228\" height=\"844\" src=\"https:\/\/site-media.citationcanada.com\/app\/uploads\/2024\/12\/07203559\/Citation-Canada-work-benefits.png\" class=\"attachment-full size-full\" alt=\"Young man and woman engaging in cheerful conversation while holding coffee mugs in an office. List of benefits: 10 days paid time off, paid holiday break, fun at work, great benefits, competitive salary, professional development, paid gym membership and community involvement.\" srcset=\"https:\/\/site-media.citationcanada.com\/app\/uploads\/2024\/12\/07203559\/Citation-Canada-work-benefits.png 1228w, https:\/\/site-media.citationcanada.com\/app\/uploads\/2024\/12\/07203559\/Citation-Canada-work-benefits-300x206.png 300w, https:\/\/site-media.citationcanada.com\/app\/uploads\/2024\/12\/07203559\/Citation-Canada-work-benefits-1024x704.png 1024w, https:\/\/site-media.citationcanada.com\/app\/uploads\/2024\/12\/07203559\/Citation-Canada-work-benefits-768x528.png 768w, https:\/\/site-media.citationcanada.com\/app\/uploads\/2024\/12\/07203559\/Citation-Canada-work-benefits-80x55.png 80w, https:\/\/site-media.citationcanada.com\/app\/uploads\/2024\/12\/07203559\/Citation-Canada-work-benefits-150x103.png 150w, https:\/\/site-media.citationcanada.com\/app\/uploads\/2024\/12\/07203559\/Citation-Canada-work-benefits-192x132.png 192w, https:\/\/site-media.citationcanada.com\/app\/uploads\/2024\/12\/07203559\/Citation-Canada-work-benefits-450x309.png 450w, https:\/\/site-media.citationcanada.com\/app\/uploads\/2024\/12\/07203559\/Citation-Canada-work-benefits-767x527.png 767w, https:\/\/site-media.citationcanada.com\/app\/uploads\/2024\/12\/07203559\/Citation-Canada-work-benefits-1000x687.png 1000w, https:\/\/site-media.citationcanada.com\/app\/uploads\/2024\/12\/07203559\/Citation-Canada-work-benefits-1200x825.png 1200w\" sizes=\"(max-width: 1228px) 100vw, 1228px\" \/>\n<\/div>\n\n          <\/div>\n                  <div class=\"col-12 col-lg-6 remove-end-margins mb-40 order-lg-last\">\n            <div class=\"column-content--text max-w-490w\">\n  <h2 class=\"heroContentInner__heading heroContentInner__heading--aboutUsHero\" style=\"font-size:45px\">Nous sommes \u00e0 la<br \/>\nrecherche d\u2019\u00e9toiles<br \/>\nmontantes (oui, vous!)<\/h2>\n<p>Si vous sentez que vous \u00eates sp\u00e9cialement qualifi\u00e9 pour l\u2019un de nos postes ci-dessous, envoyez-nous votre CV. Nous aimerions entendre parler de vous! Citation Canada, formerly HRdownloads, est un employeur qui offre l\u2019\u00e9galit\u00e9 des chances et qui fera des accommodements pour les candidats atteints d\u2019une incapacit\u00e9 sur demande et tout au long du processus de recrutement.<\/p>\n\n<\/div>\n\n          <\/div>\n              <\/div>\n    <\/div>\n  <\/div>\n<\/section>\n\n\n<section class=\"block block--careers\">\n  <div class=\"block__inner pt-30 pt-lg-40 pb-40 pb-lg-60 bg-color-white bg-swirls-none fg-color-black\">\n        <div class=\"container\">\n      <div class=\"row\">\n        <div class=\"col\">\n          \n        <\/div>\n      <\/div>\n      <div class=\"row\">\n        <div class=\"col\">\n          <div class=\"careers-grid\">\n            <div class=\"careers-grid__headers\">\n              <div class=\"careers-grid__header careers-grid__header--title\">\n                <span>Job Title<\/span>\n              <\/div>\n              <div class=\"careers-grid__header careers-grid__header--department\">\n                <span>Department<\/span>\n              <\/div>\n              <div class=\"careers-grid__header careers-grid__header--date\">\n                <span>Date Posted<\/span>\n              <\/div>\n            <\/div>\n            <script src='https:\/\/www.workable.com\/assets\/embed.js' type='text\/javascript'><\/script>\n            <script type='text\/javascript' charset='utf-8'>\n              whr(document).ready(function(){\n                whr_embed(3960, {detail: 'titles', base: 'jobs', zoom: 'country', grouping: 'none'});\n              });\n            <\/script>\n            <div id=\"whr_embed_hook\" class=\"careers-grid__job-list\">\n              \n            <\/div>\n          <\/div>\n        <\/div>\n      <\/div>\n    <\/div>\n  <\/div>\n<\/section>\n\n\n<div class=\"block block--spacer bg-color-white border-radius-top-left-default border-radius-top-right-default\" style=\"height: 70px;\">\n  <\/div>\n\n\n<section class=\"block block--call-to-action-banner bg-color-white position-relative z-10 overlap-above-65px\">\n  <div class=\"block__inner fg-color-white border-radius-50px fg-color-black border-radius-default max-w-1280px mx-auto\">\n        <div class=\"d-flex flex-middle pt-50 position-relative z-5\">\n      <div class=\"position-absolute top-50px right-0 bottom-0 left-0 bg-color-black border-radius-50px -z-1 pointer-events-none\"><\/div>\n      <div class=\"d-none d-lg-block position-absolute top-50px right-0 bottom-0 left-0 border-radius-50px -z-1 pointer-events-none bg-swirls-custom bg-swirls-custom--position-bottom-left bg-swirls-custom--style-gradient\"><\/div>\n      <div class=\"d-none d-lg-block position-relative align-self-end flex-0 w-50 w-xl-40 px-67 mt-50-\">\n        <img loading=\"lazy\" decoding=\"async\" width=\"344\" height=\"336\" src=\"https:\/\/site-media.citationcanada.com\/app\/uploads\/2024\/09\/07203621\/AdobeStock_782998667-1.png\" class=\"attachment-medium_large size-medium_large\" alt=\"Young man holding a laptop smiling at camera in a cream shirt and denim button down shirt.\" srcset=\"https:\/\/site-media.citationcanada.com\/app\/uploads\/2024\/09\/07203621\/AdobeStock_782998667-1.png 344w, https:\/\/site-media.citationcanada.com\/app\/uploads\/2024\/09\/07203621\/AdobeStock_782998667-1-300x293.png 300w, https:\/\/site-media.citationcanada.com\/app\/uploads\/2024\/09\/07203621\/AdobeStock_782998667-1-80x78.png 80w, https:\/\/site-media.citationcanada.com\/app\/uploads\/2024\/09\/07203621\/AdobeStock_782998667-1-150x147.png 150w, https:\/\/site-media.citationcanada.com\/app\/uploads\/2024\/09\/07203621\/AdobeStock_782998667-1-192x188.png 192w\" sizes=\"(max-width: 344px) 100vw, 344px\" \/>\n      <\/div>\n      <div class=\"flex-fill pt-45 pr-60 w-50 w-xl-60 pb-35 pl-40\">\n        <div class=\"extra-tight-headers remove-end-margins m-0 font-size-24\">\n          <h2 class=\"pageContent__heading pageContent__heading--aboutUsCtaBannerFirst text-color-white\">Vous ne trouvez pas ce que vous cherchez? Nous sommes toujours \u00e0 la recherche des meilleurs talents<\/h2>\n\n        <\/div>\n                  <div class=\"d-flex flex-center flex-lg-start mt-25\">\n                          <div class=\"button text-center button--white \">\n      <a class=\"button__link \" href=\"https:\/\/www.citationcanada.com\/fr\/nous-contacter\/\" >DITES-NOUS EN PLUS<\/a>\n  <\/div>\n                      <\/div>\n              <\/div>\n    <\/div>\n  <\/div>\n<\/section>\n\n\n<div class=\"block block--spacer bg-color-white\" style=\"height: 70px;\">\n  <\/div>\n","protected":false},"excerpt":{"rendered":"","protected":false},"author":12,"featured_media":0,"parent":0,"menu_order":104,"comment_status":"closed","ping_status":"closed","template":"","meta":{"_acf_changed":false,"content-type":"","footnotes":""},"acf":[],"_links":{"self":[{"href":"https:\/\/www.citationcanada.com\/fr\/wp-json\/wp\/v2\/pages\/12469"}],"collection":[{"href":"https:\/\/www.citationcanada.com\/fr\/wp-json\/wp\/v2\/pages"}],"about":[{"href":"https:\/\/www.citationcanada.com\/fr\/wp-json\/wp\/v2\/types\/page"}],"author":[{"embeddable":true,"href":"https:\/\/www.citationcanada.com\/fr\/wp-json\/wp\/v2\/users\/12"}],"replies":[{"embeddable":true,"href":"https:\/\/www.citationcanada.com\/fr\/wp-json\/wp\/v2\/comments?post=12469"}],"version-history":[{"count":11,"href":"https:\/\/www.citationcanada.com\/fr\/wp-json\/wp\/v2\/pages\/12469\/revisions"}],"predecessor-version":[{"id":14684,"href":"https:\/\/www.citationcanada.com\/fr\/wp-json\/wp\/v2\/pages\/12469\/revisions\/14684"}],"wp:attachment":[{"href":"https:\/\/www.citationcanada.com\/fr\/wp-json\/wp\/v2\/media?parent=12469"}],"curies":[{"name":"wp","href":"https:\/\/api.w.org\/{rel}","templated":true}]}}