{"id":3530,"date":"2023-02-13T11:33:30","date_gmt":"2023-02-13T16:33:30","guid":{"rendered":"https:\/\/www.citationcanada.com\/about-us-copy\/"},"modified":"2024-12-20T17:05:12","modified_gmt":"2024-12-20T17:05:12","slug":"a-propos","status":"publish","type":"page","link":"https:\/\/www.citationcanada.com\/fr\/a-propos\/","title":{"rendered":"\u00c0 propos"},"content":{"rendered":"<div class=\"block block--spacer bg-color-grey\" style=\"height: 100px;\">\n  <\/div>\n\n\n<section class=\"block block--fifty-fifty\">\n  <div class=\"block__inner pt-30 pt-lg-40 pb-30 pb-lg-40 bg-color-grey bg-swirls-none fg-color-black\">\n        <div class=\"container\">\n      <div class=\"row gutter-x-lg-60 mb-40- flex-middle\">\n                  <div class=\"col-12 col-lg-6 remove-end-margins mb-40 order-lg-last\">\n            <div class=\"column-content--image mt-50 mb-30\">\n  <img loading=\"lazy\" decoding=\"async\" width=\"868\" height=\"678\" src=\"https:\/\/site-media.citationcanada.com\/app\/uploads\/2024\/12\/07203558\/about-hero.png\" class=\"attachment-full size-full\" alt=\"\" srcset=\"https:\/\/site-media.citationcanada.com\/app\/uploads\/2024\/12\/07203558\/about-hero.png 868w, https:\/\/site-media.citationcanada.com\/app\/uploads\/2024\/12\/07203558\/about-hero-300x234.png 300w, https:\/\/site-media.citationcanada.com\/app\/uploads\/2024\/12\/07203558\/about-hero-768x600.png 768w, https:\/\/site-media.citationcanada.com\/app\/uploads\/2024\/12\/07203558\/about-hero-80x62.png 80w, https:\/\/site-media.citationcanada.com\/app\/uploads\/2024\/12\/07203558\/about-hero-150x117.png 150w, https:\/\/site-media.citationcanada.com\/app\/uploads\/2024\/12\/07203558\/about-hero-192x150.png 192w, https:\/\/site-media.citationcanada.com\/app\/uploads\/2024\/12\/07203558\/about-hero-450x351.png 450w, https:\/\/site-media.citationcanada.com\/app\/uploads\/2024\/12\/07203558\/about-hero-767x599.png 767w\" sizes=\"(max-width: 868px) 100vw, 868px\" \/>\n<\/div>\n\n          <\/div>\n                  <div class=\"col-12 col-lg-6 remove-end-margins mb-40 order-lg-first\">\n            <div class=\"column-content--text max-w-490w\">\n  <h1 class=\"heroContentInner__heading heroContentInner__heading--aboutUsHero\"><small>Qui sommes-nous<\/small>Nous aidons les gens<br \/>\n\u00e0 aimer ce qu\u2019ils font<\/h1>\n<p>Derri\u00e8re le logiciel se trouvent de vraies<br \/>\npersonnes travaillant \u00e0 l\u2019un des meilleurs<br \/>\nendroits au Canada. \u00c0 titre de chef de file de<br \/>\nnotre espace, il importe que nous comprenions<br \/>\nce qui nous motive, le \u201cpourquoi\u201d derri\u00e8re ce<br \/>\nque nous faisons, qui est essentiel \u00e0 notre<br \/>\nsucc\u00e8s et \u00e0 celui de nos clients.<\/p>\n<h1><small>\u00a0<\/small><\/h1>\n\n<\/div>\n\n          <\/div>\n              <\/div>\n    <\/div>\n  <\/div>\n<\/section>\n\n\n<section class=\"block block--text-with-button bg-color-grey\">\n  <div class=\"block__inner pt-30 pt-lg-40 pb-30 pb-lg-40 bg-color-white bg-swirls-none fg-color-black border-radius-default max-w-1280px mx-auto text-center\">\n        <div class=\"container max-w-1035px\">\n\n              <div class=\"row\">\n          <div class=\"col\">\n            <h2 class=\"fg-color-gradient text-transform-capitalize  mb-35\">\n    Qui sommes-nous\n  <\/h2>\n          <\/div>\n        <\/div>\n      \n              <div class=\"row\">\n          <div class=\"col font-size-18 remove-end-margins\">\n            <p>Citation Canada, formerly HRdownloads, repose sur la conviction que les RH sont essentielles \u00e0 la croissance de toute organisation. Depuis 2008, nous avons contribu\u00e9 \u00e0 rendre l\u2019accomplissement des t\u00e2ches de RH plus clair, plus facile et plus rapide. Notre engagement premier consiste \u00e0 \u00eatre la solution RH la plus compl\u00e8te et la plus branch\u00e9e au Canada, avec une technologie RH prim\u00e9e, un contenu RH sp\u00e9cifique au secteur et un soutien RH de classe mondiale. Nous sommes votre solution RH compl\u00e8te en un seul endroit.<\/p>\n<p>Notre vision consiste \u00e0 impliquer les employ\u00e9s et \u00e0 permettre aux dirigeants d\u2019aimer ce qu\u2019ils font en offrant une solution de bout en bout qui a \u00e9t\u00e9 construite dans un but pr\u00e9cis, offrant aux clients une plateforme enti\u00e8rement personnalisable et s\u00e9curis\u00e9e, remplie de contenu l\u00e9gislatif, sp\u00e9cifique \u00e0 l\u2019industrie, et du contenu de pratiques exemplaires en RH soutenues par des professionnels en RH exp\u00e9riment\u00e9s qui sont dispos\u00e9s \u00e0 offrir des conseils imm\u00e9diats et des conseils sur tout ce qui concerne les RH.<\/p>\n<p>Fi\u00e8rement canadiens et d\u00e9di\u00e9s aux entreprises canadiennes, nous sommes votre partenaire unique pour r\u00e9pondre \u00e0 tous vos besoins en mati\u00e8re de Ressources humaines. Consultez notre site d\u00e8s maintenant pour savoir comment.<\/p>\n\n          <\/div>\n        <\/div>\n      \n      \n    <\/div>\n  <\/div>\n<\/section>\n\n\n<section class=\"block block--fifty-fifty\">\n  <div class=\"block__inner pt-30 pt-lg-40 pb-30 pb-lg-40 bg-color-grey bg-swirls-none fg-color-black\">\n        <div class=\"container\">\n      <div class=\"row gutter-x-lg-60 mb-40- flex-middle\">\n                  <div class=\"col-12 col-lg-6 remove-end-margins mb-40 order-lg-first\">\n            <div class=\"column-content--image mt-50 mb-30\">\n  <img loading=\"lazy\" decoding=\"async\" width=\"433\" height=\"420\" src=\"https:\/\/site-media.citationcanada.com\/app\/uploads\/2024\/06\/07203927\/Screenshot-2024-06-14-at-15.10.48.png\" class=\"attachment-full size-full\" alt=\"\" srcset=\"https:\/\/site-media.citationcanada.com\/app\/uploads\/2024\/06\/07203927\/Screenshot-2024-06-14-at-15.10.48.png 433w, https:\/\/site-media.citationcanada.com\/app\/uploads\/2024\/06\/07203927\/Screenshot-2024-06-14-at-15.10.48-300x291.png 300w, https:\/\/site-media.citationcanada.com\/app\/uploads\/2024\/06\/07203927\/Screenshot-2024-06-14-at-15.10.48-80x78.png 80w, https:\/\/site-media.citationcanada.com\/app\/uploads\/2024\/06\/07203927\/Screenshot-2024-06-14-at-15.10.48-150x145.png 150w\" sizes=\"(max-width: 433px) 100vw, 433px\" \/>\n<\/div>\n\n          <\/div>\n                  <div class=\"col-12 col-lg-6 remove-end-margins mb-40 order-lg-last\">\n            <div class=\"column-content--text max-w-490w\">\n  <div class=\"aboutUsFounder__headshotContainer\">\n<h2 class=\"aboutUsFounder__role\">Faites connaissance avec The Citation Group<\/h2>\n<\/div>\n<p>Citation Canada, formerly HRdownloads, Inc a \u00e9t\u00e9 acquis par le leader mondial de la conformit\u00e9 The Citation Group. Cr\u00e9\u00e9 en 1995, The Citation Group emploie 2\u00a0000 membres d\u2019\u00e9quipe et soutient 100\u00a0000 entreprises avec les meilleures solutions de conformit\u00e9 et de qualit\u00e9 au Royaume-Uni, en Australie, en Nouvelle-Z\u00e9lande et au Canada. Avec le soutien de The Citation Group, nous pr\u00e9voyons d\u2019\u00e9tendre la fourniture de sa suite de solutions de conformit\u00e9 aux clients de Citation Canada, formerly HRdownloads.<\/p>\n\n<\/div>\n<div class=\"column-content--button d-flex flex-wrap flex-center flex-lg-start g-20 mt-30 mb-50\">\n                  <div class=\"button text-center  \">\n      <a class=\"button__link \" href=\"https:\/\/www.citationcanada.com\/media-articles\/hrdownloads-acquired-by-global-compliance-leader-the-citation-group\/\" >LIRE LE COMMUNIQU\u00c9 DE PRESSE<\/a>\n  <\/div>\n            <\/div>\n\n          <\/div>\n              <\/div>\n    <\/div>\n  <\/div>\n<\/section>\n\n\n<section class=\"block block--about-us bg-color-grey\">\n  <div class=\"block__inner pt-40 pt-lg-60 pb-40 pb-lg-60 bg-color-white fg-color-black border-radius-default max-w-1280px mx-auto bg-swirls-gradient\">\n        <div class=\"container\">\n      <div class=\"row flex-lg-between\">\n        <div class=\"col-12 col-lg-4 mb-50 mb-lg-0 mt-0 mt-lg-50 remove-end-margins\">\n           <section class=\"pageSection pageSection--aboutUsCulture bg-color-cream\">\n<div class=\"culturePointsBlock\">\n<div class=\"pageContent pageContent--aboutUsCulture\">\n<h2 class=\"pageContent__heading pageContent__heading--aboutUsCulture\">Une culture fond\u00e9e sur le plaisir<\/h2>\n<div class=\"pageContent__text pageContent__text--aboutUsCulture\">\n<p>Une culture fond\u00e9e sur l\u2019empathie et une forte \u00e9thique de travail. Nos \u00e9quipes aiment vraiment ce qu\u2019elles font.<\/p>\n<\/div>\n<\/div>\n<\/div>\n<\/section>\n<section class=\"pageSection pageSection--aboutUsCulture bg-color-cream\">\n<div class=\"culturePointsBlock\">\n<div class=\"pageContent pageContent--aboutUsCulture\"><\/div>\n<\/div>\n<\/section>\n<section class=\"pageSection pageSection--hero pageSection--aboutUsHero bg-color-cream\">\n<div class=\"heroContent rockstarsContent heroContent--aboutUsHero\"><\/div>\n<\/section>\n\n        <\/div>\n        <div class=\"col-12 col-lg-7 col-lg-offset-1\">\n                      <ul class=\"row mb-40 pl-0 pl-lg-20 gx-lg-67 flex-lg-between\">\n                              <li class=\"d-flex flex-column mb-45 col-12 col-lg-5 text-center text-lg-left\">\n                  <div>\n                    <img loading=\"lazy\" decoding=\"async\" width=\"85\" height=\"85\" src=\"https:\/\/site-media.citationcanada.com\/app\/uploads\/2024\/12\/07203545\/Make-it-happen-1.png\" class=\"attachment-medium size-medium\" alt=\"Spaceship icon\" srcset=\"https:\/\/site-media.citationcanada.com\/app\/uploads\/2024\/12\/07203545\/Make-it-happen-1.png 85w, https:\/\/site-media.citationcanada.com\/app\/uploads\/2024\/12\/07203545\/Make-it-happen-1-80x80.png 80w\" sizes=\"(max-width: 85px) 100vw, 85px\" \/>\n                  <\/div>\n                  <p class=\"mt-20 mb-13 font-size-h6 font-weight-semibold text-transform-uppercase fg-color-gradient\">BIEN-\u00caTRE<\/p>\n                  <p>Nos employ\u00e9s sont plus que des travailleurs de 9 \u00e0 5; ils sont des parents, des artistes, des leaders communautaires et tout ce qui se trouve entre les deux. Pour les aider \u00e0 prosp\u00e9rer, nous leur offrons dix jours de bien-\u00eatre pay\u00e9s qu\u2019ils peuvent utiliser comme bon leur semble parce qu\u2019ils doivent \u00eatre \u00e0 son mieux pour pouvoir offrir \u00e0 nos membres la meilleure technologie, le meilleur contenu et le meilleur service.<\/p>\n\n                <\/li>\n                              <li class=\"d-flex flex-column mb-45 col-12 col-lg-5 text-center text-lg-left\">\n                  <div>\n                    <img loading=\"lazy\" decoding=\"async\" width=\"85\" height=\"85\" src=\"https:\/\/site-media.citationcanada.com\/app\/uploads\/2024\/12\/07203545\/Never-Settle-1.png\" class=\"attachment-medium size-medium\" alt=\"Shooting star icon\" srcset=\"https:\/\/site-media.citationcanada.com\/app\/uploads\/2024\/12\/07203545\/Never-Settle-1.png 85w, https:\/\/site-media.citationcanada.com\/app\/uploads\/2024\/12\/07203545\/Never-Settle-1-80x80.png 80w\" sizes=\"(max-width: 85px) 100vw, 85px\" \/>\n                  <\/div>\n                  <p class=\"mt-20 mb-13 font-size-h6 font-weight-semibold text-transform-uppercase fg-color-gradient\">CROISSANCE<\/p>\n                  <p>Notre strat\u00e9gie a toujours consist\u00e9 \u00e0 maintenir notre propre excellence en mati\u00e8re de RH et \u00e0 r\u00e9investir dans notre personnel. C\u2019est la raison pour laquelle nous sommes fiers d\u2019avoir une solide culture de croissance personnelle et professionnelle \u00e0 tous les niveaux de personnel.<\/p>\n\n                <\/li>\n                              <li class=\"d-flex flex-column mb-45 col-12 col-lg-5 text-center text-lg-left\">\n                  <div>\n                    <img loading=\"lazy\" decoding=\"async\" width=\"85\" height=\"85\" src=\"https:\/\/site-media.citationcanada.com\/app\/uploads\/2024\/12\/07203545\/Choose-right-1.png\" class=\"attachment-medium size-medium\" alt=\"Check box icon\" srcset=\"https:\/\/site-media.citationcanada.com\/app\/uploads\/2024\/12\/07203545\/Choose-right-1.png 85w, https:\/\/site-media.citationcanada.com\/app\/uploads\/2024\/12\/07203545\/Choose-right-1-80x80.png 80w\" sizes=\"(max-width: 85px) 100vw, 85px\" \/>\n                  <\/div>\n                  <p class=\"mt-20 mb-13 font-size-h6 font-weight-semibold text-transform-uppercase fg-color-gradient\">Innovation<\/p>\n                  <p>Les besoins en mati\u00e8re de RH \u00e9voluent constamment, tout comme les outils utilis\u00e9s pour r\u00e9pondre \u00e0 ces besoins. Notre personnel est fier d\u2019\u00eatre \u00e0 l\u2019avant-garde des RH en offrant sans rel\u00e2che une technologie, un contenu et un soutien de pointe.<\/p>\n\n                <\/li>\n                              <li class=\"d-flex flex-column mb-45 col-12 col-lg-5 text-center text-lg-left\">\n                  <div>\n                    <img loading=\"lazy\" decoding=\"async\" width=\"85\" height=\"85\" src=\"https:\/\/site-media.citationcanada.com\/app\/uploads\/2024\/12\/07203545\/Smart-with-heart-1.png\" class=\"attachment-medium size-medium\" alt=\"Hand holding heart icon\" srcset=\"https:\/\/site-media.citationcanada.com\/app\/uploads\/2024\/12\/07203545\/Smart-with-heart-1.png 85w, https:\/\/site-media.citationcanada.com\/app\/uploads\/2024\/12\/07203545\/Smart-with-heart-1-80x80.png 80w\" sizes=\"(max-width: 85px) 100vw, 85px\" \/>\n                  <\/div>\n                  <p class=\"mt-20 mb-13 font-size-h6 font-weight-semibold text-transform-uppercase fg-color-gradient\">COMMUNAUT\u00c9<\/p>\n                  <p>Nous y travaillons. Nous y vivons. Nous y b\u00e2tissons. Nous sommes profond\u00e9ment enracin\u00e9s dans la ville de Forest City gr\u00e2ce \u00e0 diverses initiatives communautaires, causes caritatives, \u00e9v\u00e9nements et autres.<\/p>\n\n                <\/li>\n                          <\/ul>\n                  <\/div>\n      <\/div>\n    <\/div>\n  <\/div>\n<\/section>\n\n\n<section class=\"block block--staff-cards\">\n  <div class=\"block__inner pt-30 pt-lg-40 pb-30 pb-lg-40 bg-color-grey bg-swirls-none fg-color-black border-radius-bottom-left-default border-radius-bottom-right-default\">\n        <div class=\"container\">\n      <div class=\"row\">\n        <div class=\"col text-center\">\n          <h2 class=\"fg-color-black   m-0 \">\n    Meet our executive team\n  <\/h2>\n          \n        <\/div>\n      <\/div>\n    <\/div>\n    <div class=\"container\">\n      <div class=\"row mt-40 mb-5\">\n        <div class=\"col-12 d-flex flex-column mb-35\">\n                      <ul class=\"row gutter-x-20 mb-35-\">\n                              <li class=\"col-12 col-md-6 d-flex flex-column mb-35\">\n                  <article class=\"staff-card bg-color-white fg-color-black border-radius-40px box-shadow-y pl-17-5 pr-30\" tabindex=\"0\">\n  <header class=\"staff-card__header row py-24\">\n    <div class=\"staff-card__image col-auto w-205px max-w-45\">\n      <div class=\"image-cover w-100 aspect-ratio-1-1 border-4px border-solid border-color-white border-radius-full overflow-hidden\">\n        <img loading=\"lazy\" decoding=\"async\" width=\"300\" height=\"300\" src=\"https:\/\/site-media.citationcanada.com\/app\/uploads\/2025\/03\/07203529\/Dave.png\" class=\"attachment-medium_large size-medium_large wp-post-image\" alt=\"\" srcset=\"https:\/\/site-media.citationcanada.com\/app\/uploads\/2025\/03\/07203529\/Dave.png 300w, https:\/\/site-media.citationcanada.com\/app\/uploads\/2025\/03\/07203529\/Dave-150x150.png 150w, https:\/\/site-media.citationcanada.com\/app\/uploads\/2025\/03\/07203529\/Dave-80x80.png 80w, https:\/\/site-media.citationcanada.com\/app\/uploads\/2025\/03\/07203529\/Dave-192x192.png 192w\" sizes=\"(max-width: 300px) 100vw, 300px\" \/>\n      <\/div>\n    <\/div>\n    <div class=\"staff-card__details col d-flex flex-column py-6\">\n      <div class=\"staff-card__name remove-end-margins mb-10\">\n        <h1 class=\"font-size-18\">Dave Lacey<\/h1>\n      <\/div>\n              <div class=\"staff-card__title remove-end-margins mb-10\">\n          <span class=\"font-size-16\">Chief Executive Officer<\/span>\n        <\/div>\n                      <\/div>\n  <\/header>\n  <\/article>\n                <\/li>\n                              <li class=\"col-12 col-md-6 d-flex flex-column mb-35\">\n                  <article class=\"staff-card bg-color-white fg-color-black border-radius-40px box-shadow-y pl-17-5 pr-30\" tabindex=\"0\">\n  <header class=\"staff-card__header row py-24\">\n    <div class=\"staff-card__image col-auto w-205px max-w-45\">\n      <div class=\"image-cover w-100 aspect-ratio-1-1 border-4px border-solid border-color-white border-radius-full overflow-hidden\">\n        <img loading=\"lazy\" decoding=\"async\" width=\"300\" height=\"300\" src=\"https:\/\/site-media.citationcanada.com\/app\/uploads\/2025\/03\/07203528\/Terra.png\" class=\"attachment-medium_large size-medium_large wp-post-image\" alt=\"\" srcset=\"https:\/\/site-media.citationcanada.com\/app\/uploads\/2025\/03\/07203528\/Terra.png 300w, https:\/\/site-media.citationcanada.com\/app\/uploads\/2025\/03\/07203528\/Terra-150x150.png 150w, https:\/\/site-media.citationcanada.com\/app\/uploads\/2025\/03\/07203528\/Terra-80x80.png 80w, https:\/\/site-media.citationcanada.com\/app\/uploads\/2025\/03\/07203528\/Terra-192x192.png 192w\" sizes=\"(max-width: 300px) 100vw, 300px\" \/>\n      <\/div>\n    <\/div>\n    <div class=\"staff-card__details col d-flex flex-column py-6\">\n      <div class=\"staff-card__name remove-end-margins mb-10\">\n        <h1 class=\"font-size-18\">Terra Aartsen<\/h1>\n      <\/div>\n              <div class=\"staff-card__title remove-end-margins mb-10\">\n          <span class=\"font-size-16\">Chief Operating Officer<\/span>\n        <\/div>\n                      <\/div>\n  <\/header>\n  <\/article>\n                <\/li>\n                              <li class=\"col-12 col-md-6 d-flex flex-column mb-35\">\n                  <article class=\"staff-card bg-color-white fg-color-black border-radius-40px box-shadow-y pl-17-5 pr-30\" tabindex=\"0\">\n  <header class=\"staff-card__header row py-24\">\n    <div class=\"staff-card__image col-auto w-205px max-w-45\">\n      <div class=\"image-cover w-100 aspect-ratio-1-1 border-4px border-solid border-color-white border-radius-full overflow-hidden\">\n        <img loading=\"lazy\" decoding=\"async\" width=\"460\" height=\"460\" src=\"https:\/\/site-media.citationcanada.com\/app\/uploads\/2025\/09\/12132232\/Mark-Denham-greyscale-cutout-square%402x.jpg\" class=\"attachment-medium_large size-medium_large wp-post-image\" alt=\"\" srcset=\"https:\/\/site-media.citationcanada.com\/app\/uploads\/2025\/09\/12132232\/Mark-Denham-greyscale-cutout-square%402x.jpg 460w, https:\/\/site-media.citationcanada.com\/app\/uploads\/2025\/09\/12132232\/Mark-Denham-greyscale-cutout-square%402x-300x300.jpg 300w, https:\/\/site-media.citationcanada.com\/app\/uploads\/2025\/09\/12132232\/Mark-Denham-greyscale-cutout-square%402x-150x150.jpg 150w, https:\/\/site-media.citationcanada.com\/app\/uploads\/2025\/09\/12132232\/Mark-Denham-greyscale-cutout-square%402x-80x80.jpg 80w, https:\/\/site-media.citationcanada.com\/app\/uploads\/2025\/09\/12132232\/Mark-Denham-greyscale-cutout-square%402x-192x192.jpg 192w, https:\/\/site-media.citationcanada.com\/app\/uploads\/2025\/09\/12132232\/Mark-Denham-greyscale-cutout-square%402x-450x450.jpg 450w\" sizes=\"(max-width: 460px) 100vw, 460px\" \/>\n      <\/div>\n    <\/div>\n    <div class=\"staff-card__details col d-flex flex-column py-6\">\n      <div class=\"staff-card__name remove-end-margins mb-10\">\n        <h1 class=\"font-size-18\">Mark Denham<\/h1>\n      <\/div>\n              <div class=\"staff-card__title remove-end-margins mb-10\">\n          <span class=\"font-size-16\">Chief Financial Officer<\/span>\n        <\/div>\n                      <\/div>\n  <\/header>\n  <\/article>\n                <\/li>\n                          <\/ul>\n                  <\/div>\n      <\/div>\n    <\/div>\n  <\/div>\n<\/section>\n\n\n<div class=\"block block--spacer bg-color-white\" style=\"height: 100px;\">\n  <\/div>\n\n\n<section class=\"block block--call-to-action bg-color-white\">\n  <div class=\"block__inner pt-40 pt-lg-60 pb-40 pb-lg-60 bg-color-gradient bg-swirls-none fg-color-white border-radius-default max-w-1280px mx-auto text-center\">\n        <div class=\"container\">\n      <div class=\"row\">\n        <div class=\"col\">\n          <div class=\"h2 remove-end-margins m-0\">\n            <h2 class=\"pageContent__heading pageContent__heading--aboutUsCtaBannerFirst text-color-white\">Vous ne trouvez pas ce que vous cherchez? Nous sommes toujours \u00e0 la recherche des meilleurs talents<\/h2>\n\n          <\/div>\n                      <div class=\"d-flex flex-center mt-35\">\n                              <div class=\"button text-center button--white \">\n      <a class=\"button__link \" href=\"https:\/\/www.citationcanada.com\/fr\/demandez-une-demonstration\/\" >DITES-NOUS EN PLUS<\/a>\n  <\/div>\n                          <\/div>\n                  <\/div>\n      <\/div>\n    <\/div>\n  <\/div>\n<\/section>\n\n\n<div class=\"block block--spacer bg-color-white\" style=\"height: 100px;\">\n  <\/div>\n","protected":false},"excerpt":{"rendered":"","protected":false},"author":39,"featured_media":0,"parent":0,"menu_order":106,"comment_status":"closed","ping_status":"closed","template":"","meta":{"_acf_changed":false,"content-type":"","footnotes":""},"acf":[],"_links":{"self":[{"href":"https:\/\/www.citationcanada.com\/fr\/wp-json\/wp\/v2\/pages\/3530"}],"collection":[{"href":"https:\/\/www.citationcanada.com\/fr\/wp-json\/wp\/v2\/pages"}],"about":[{"href":"https:\/\/www.citationcanada.com\/fr\/wp-json\/wp\/v2\/types\/page"}],"author":[{"embeddable":true,"href":"https:\/\/www.citationcanada.com\/fr\/wp-json\/wp\/v2\/users\/39"}],"replies":[{"embeddable":true,"href":"https:\/\/www.citationcanada.com\/fr\/wp-json\/wp\/v2\/comments?post=3530"}],"version-history":[{"count":22,"href":"https:\/\/www.citationcanada.com\/fr\/wp-json\/wp\/v2\/pages\/3530\/revisions"}],"predecessor-version":[{"id":12704,"href":"https:\/\/www.citationcanada.com\/fr\/wp-json\/wp\/v2\/pages\/3530\/revisions\/12704"}],"wp:attachment":[{"href":"https:\/\/www.citationcanada.com\/fr\/wp-json\/wp\/v2\/media?parent=3530"}],"curies":[{"name":"wp","href":"https:\/\/api.w.org\/{rel}","templated":true}]}}