{"id":3539,"date":"2023-02-13T12:02:11","date_gmt":"2023-02-13T17:02:11","guid":{"rendered":"https:\/\/www.citationcanada.com\/become-a-partner-copy\/"},"modified":"2025-07-08T21:12:28","modified_gmt":"2025-07-08T21:12:28","slug":"devenir-un-partenaire","status":"publish","type":"page","link":"https:\/\/www.citationcanada.com\/fr\/devenir-un-partenaire\/","title":{"rendered":"Devenir un Partenaire"},"content":{"rendered":"<section class=\"block block--fifty-fifty\">\n  <div class=\"block__inner pt-30 pt-lg-40 pb-30 pb-lg-40 bg-color-grey bg-swirls-none fg-color-black\">\n        <div class=\"container\">\n      <div class=\"row gutter-x-lg-60 mb-40- flex-middle\">\n                  <div class=\"col-12 col-lg-6 remove-end-margins mb-40 order-lg-first\">\n            <div class=\"column-content--text max-w-490w\">\n  <h3 style=\"margin: 0;padding: 0;font-size: 50px;\"><small>PARTENARIATS<\/small><\/h3>\n<h1 style=\"margin-top:0\">Devenir un Partenaire<\/h1>\n<p>Citation Canada, anciennement HRdownloads, construit activement notre r\u00e9seau de partenariats mutuellement b\u00e9n\u00e9fiques. Notre objectif est de toujours d\u00e9velopper des programmes qui r\u00e9pondent aux objectifs des deux parties consistant \u00e0 ajouter de la valeur \u00e0 un public que nous partageons.<\/p>\n\n<\/div>\n\n          <\/div>\n                  <div class=\"col-12 col-lg-6 remove-end-margins mb-40 order-lg-last\">\n            <div class=\"column-content--image mt-50 mb-30\">\n  <img decoding=\"async\" width=\"864\" height=\"678\" src=\"https:\/\/site-media.citationcanada.com\/app\/uploads\/2024\/07\/07203756\/Partner.png\" class=\"attachment-full size-full\" alt=\"\" fetchpriority=\"high\" srcset=\"https:\/\/site-media.citationcanada.com\/app\/uploads\/2024\/07\/07203756\/Partner.png 864w, https:\/\/site-media.citationcanada.com\/app\/uploads\/2024\/07\/07203756\/Partner-300x235.png 300w, https:\/\/site-media.citationcanada.com\/app\/uploads\/2024\/07\/07203756\/Partner-768x603.png 768w, https:\/\/site-media.citationcanada.com\/app\/uploads\/2024\/07\/07203756\/Partner-80x63.png 80w, https:\/\/site-media.citationcanada.com\/app\/uploads\/2024\/07\/07203756\/Partner-150x118.png 150w, https:\/\/site-media.citationcanada.com\/app\/uploads\/2024\/07\/07203756\/Partner-450x353.png 450w, https:\/\/site-media.citationcanada.com\/app\/uploads\/2024\/07\/07203756\/Partner-767x602.png 767w\" sizes=\"(max-width: 864px) 100vw, 864px\" \/>\n<\/div>\n\n          <\/div>\n              <\/div>\n    <\/div>\n  <\/div>\n<\/section>\n\n\n<section class=\"block block--content bg-color-grey\">\n  <div class=\"block__inner pt-30 pt-lg-40 pb-30 pb-lg-40 bg-color-gradient bg-swirls-corners fg-color-white border-radius-default max-w-1280px mx-auto\">\n        <div class=\"container\">\n      <div class=\"row\">\n        <div class=\"col\">\n          <h2 style=\"text-align: center;\">Commen\u00e7ons la Conversation<\/h2>\n<p style=\"text-align: center;\">Nous sommes impatients de conna\u00eetre vos id\u00e9es de partenariat. Plus vous partagerez, mieux nous pourrons pr\u00e9parer notre premi\u00e8re discussion.<\/p>\n<p><script charset=\"utf-8\" type=\"text\/javascript\" src=\"\/\/js.hsforms.net\/forms\/embed\/v2.js\"><\/script><br \/>\n<script>\n  hbspt.forms.create({\n    region: \"na1\",\n    portalId: \"1890515\",\n    formId: \"120fa091-55bf-4517-8840-3f6f60f70b60\"\n  });\n<\/script><\/p>\n\n        <\/div>\n      <\/div>\n    <\/div>\n  <\/div>\n<\/section>\n\n\n<section class=\"block block--client-logos\">\n  <div class=\"block__inner pt-30 pt-lg-40 pb-30 pb-lg-40 bg-color-white bg-swirls-none fg-color-black\">\n              <div class=\"client-logos carousel\">\n        <div class=\"carousel__track\" data-glide-el=\"track\">\n          <ul class=\"client-logos__list carousel__slides\">\n                          <li class=\"carousel__slide d-flex flex-center\">\n                <div class=\"client-logos__list-item d-inline-flex align-self-center flex-center min-w-142px max-w-172px h-92px px-20 my-10\">\n                  <img loading=\"lazy\" decoding=\"async\" width=\"600\" height=\"600\" src=\"https:\/\/site-media.citationcanada.com\/app\/uploads\/2022\/11\/07204345\/logo_bmw-1.svg\" class=\"m-auto\" alt=\"BMW Logo\" \/>\n                <\/div>\n              <\/li>\n                          <li class=\"carousel__slide d-flex flex-center\">\n                <div class=\"client-logos__list-item d-inline-flex align-self-center flex-center min-w-142px max-w-172px h-92px px-20 my-10\">\n                  <img loading=\"lazy\" decoding=\"async\" width=\"500\" height=\"98\" src=\"https:\/\/site-media.citationcanada.com\/app\/uploads\/2022\/11\/07204346\/logo_tim_hortons.svg\" class=\"m-auto\" alt=\"Tim Hortons Logo\" \/>\n                <\/div>\n              <\/li>\n                          <li class=\"carousel__slide d-flex flex-center\">\n                <div class=\"client-logos__list-item d-inline-flex align-self-center flex-center min-w-142px max-w-172px h-92px px-20 my-10\">\n                  <img loading=\"lazy\" decoding=\"async\" width=\"116\" height=\"75\" src=\"https:\/\/site-media.citationcanada.com\/app\/uploads\/2022\/11\/07204347\/logo_pillar_network-320x206.png\" class=\"m-auto\" alt=\"Pillar Nonprofit Network Logo\" \/>\n                <\/div>\n              <\/li>\n                          <li class=\"carousel__slide d-flex flex-center\">\n                <div class=\"client-logos__list-item d-inline-flex align-self-center flex-center min-w-142px max-w-172px h-92px px-20 my-10\">\n                  <img loading=\"lazy\" decoding=\"async\" width=\"111\" height=\"75\" src=\"https:\/\/site-media.citationcanada.com\/app\/uploads\/2022\/11\/07204348\/logo_mercedes_benz-320x215.png\" class=\"m-auto\" alt=\"Mercedes-Benz Logo\" \/>\n                <\/div>\n              <\/li>\n                          <li class=\"carousel__slide d-flex flex-center\">\n                <div class=\"client-logos__list-item d-inline-flex align-self-center flex-center min-w-142px max-w-172px h-92px px-20 my-10\">\n                  <img loading=\"lazy\" decoding=\"async\" width=\"79\" height=\"75\" src=\"https:\/\/site-media.citationcanada.com\/app\/uploads\/2022\/11\/07204345\/logo_scouts-1-320x305.png\" class=\"m-auto\" alt=\"Scouts Canada Logo\" \/>\n                <\/div>\n              <\/li>\n                          <li class=\"carousel__slide d-flex flex-center\">\n                <div class=\"client-logos__list-item d-inline-flex align-self-center flex-center min-w-142px max-w-172px h-92px px-20 my-10\">\n                  <img loading=\"lazy\" decoding=\"async\" width=\"110\" height=\"100\" src=\"https:\/\/site-media.citationcanada.com\/app\/uploads\/2022\/11\/07204349\/logo_home_hardware.svg\" class=\"m-auto\" alt=\"home Hardware Logo\" \/>\n                <\/div>\n              <\/li>\n                          <li class=\"carousel__slide d-flex flex-center\">\n                <div class=\"client-logos__list-item d-inline-flex align-self-center flex-center min-w-142px max-w-172px h-92px px-20 my-10\">\n                  <img loading=\"lazy\" decoding=\"async\" width=\"300\" height=\"43\" src=\"https:\/\/site-media.citationcanada.com\/app\/uploads\/2022\/11\/07204349\/logo_dhl-640x92.png\" class=\"m-auto\" alt=\"DHL Logo\" \/>\n                <\/div>\n              <\/li>\n                          <li class=\"carousel__slide d-flex flex-center\">\n                <div class=\"client-logos__list-item d-inline-flex align-self-center flex-center min-w-142px max-w-172px h-92px px-20 my-10\">\n                  <img loading=\"lazy\" decoding=\"async\" width=\"202\" height=\"62\" src=\"https:\/\/site-media.citationcanada.com\/app\/uploads\/2022\/11\/07204352\/Jamieson-e1680103080966.png\" class=\"m-auto\" alt=\"Jamieson Wellness Inc Logo\" \/>\n                <\/div>\n              <\/li>\n                          <li class=\"carousel__slide d-flex flex-center\">\n                <div class=\"client-logos__list-item d-inline-flex align-self-center flex-center min-w-142px max-w-172px h-92px px-20 my-10\">\n                  <img loading=\"lazy\" decoding=\"async\" width=\"151\" height=\"75\" src=\"https:\/\/site-media.citationcanada.com\/app\/uploads\/2022\/11\/07204350\/Goodlife-Fitness-e1680103071674.png\" class=\"m-auto\" alt=\"Goodlife Fitness Logo\" \/>\n                <\/div>\n              <\/li>\n                          <li class=\"carousel__slide d-flex flex-center\">\n                <div class=\"client-logos__list-item d-inline-flex align-self-center flex-center min-w-142px max-w-172px h-92px px-20 my-10\">\n                  <img loading=\"lazy\" decoding=\"async\" width=\"185\" height=\"75\" src=\"https:\/\/site-media.citationcanada.com\/app\/uploads\/2022\/11\/07204350\/logo_boys_girls_clubs-320x130.png\" class=\"m-auto\" alt=\"BGC Canada Logo\" \/>\n                <\/div>\n              <\/li>\n                          <li class=\"carousel__slide d-flex flex-center\">\n                <div class=\"client-logos__list-item d-inline-flex align-self-center flex-center min-w-142px max-w-172px h-92px px-20 my-10\">\n                  <img loading=\"lazy\" decoding=\"async\" width=\"580\" height=\"733\" src=\"https:\/\/site-media.citationcanada.com\/app\/uploads\/2022\/11\/07204349\/logo_calvin_klein.svg\" class=\"m-auto\" alt=\"Calvin Klein Logo\" \/>\n                <\/div>\n              <\/li>\n                          <li class=\"carousel__slide d-flex flex-center\">\n                <div class=\"client-logos__list-item d-inline-flex align-self-center flex-center min-w-142px max-w-172px h-92px px-20 my-10\">\n                  <img loading=\"lazy\" decoding=\"async\" width=\"245\" height=\"75\" src=\"https:\/\/site-media.citationcanada.com\/app\/uploads\/2022\/11\/07204349\/logo_challenger-e1680103045500.png\" class=\"m-auto\" alt=\"Challenger Logo\" \/>\n                <\/div>\n              <\/li>\n                          <li class=\"carousel__slide d-flex flex-center\">\n                <div class=\"client-logos__list-item d-inline-flex align-self-center flex-center min-w-142px max-w-172px h-92px px-20 my-10\">\n                  <img loading=\"lazy\" decoding=\"async\" width=\"90\" height=\"90\" src=\"https:\/\/site-media.citationcanada.com\/app\/uploads\/2022\/11\/07204347\/logo_pvh.svg\" class=\"m-auto\" alt=\"PVH Logo\" \/>\n                <\/div>\n              <\/li>\n                          <li class=\"carousel__slide d-flex flex-center\">\n                <div class=\"client-logos__list-item d-inline-flex align-self-center flex-center min-w-142px max-w-172px h-92px px-20 my-10\">\n                  <img loading=\"lazy\" decoding=\"async\" width=\"199\" height=\"14\" src=\"https:\/\/site-media.citationcanada.com\/app\/uploads\/2022\/11\/07204346\/logo_tommy_hilfiger.svg\" class=\"m-auto\" alt=\"Tommy Hilfiger Logo\" \/>\n                <\/div>\n              <\/li>\n                          <li class=\"carousel__slide d-flex flex-center\">\n                <div class=\"client-logos__list-item d-inline-flex align-self-center flex-center min-w-142px max-w-172px h-92px px-20 my-10\">\n                  <img loading=\"lazy\" decoding=\"async\" width=\"237\" height=\"75\" src=\"https:\/\/site-media.citationcanada.com\/app\/uploads\/2022\/11\/07204347\/logo_royal_lepage-320x101.png\" class=\"m-auto\" alt=\"Royal LePage Logo\" \/>\n                <\/div>\n              <\/li>\n                          <li class=\"carousel__slide d-flex flex-center\">\n                <div class=\"client-logos__list-item d-inline-flex align-self-center flex-center min-w-142px max-w-172px h-92px px-20 my-10\">\n                  <img loading=\"lazy\" decoding=\"async\" width=\"244\" height=\"119\" src=\"https:\/\/site-media.citationcanada.com\/app\/uploads\/2022\/11\/07204346\/logo_speedo.svg\" class=\"m-auto\" alt=\"Speedo Logo\" \/>\n                <\/div>\n              <\/li>\n                          <li class=\"carousel__slide d-flex flex-center\">\n                <div class=\"client-logos__list-item d-inline-flex align-self-center flex-center min-w-142px max-w-172px h-92px px-20 my-10\">\n                  <img loading=\"lazy\" decoding=\"async\" width=\"87\" height=\"75\" src=\"https:\/\/site-media.citationcanada.com\/app\/uploads\/2022\/11\/07204346\/logo_the_keg_2-320x276.webp\" class=\"m-auto\" alt=\"The Keg logo\" \/>\n                <\/div>\n              <\/li>\n                          <li class=\"carousel__slide d-flex flex-center\">\n                <div class=\"client-logos__list-item d-inline-flex align-self-center flex-center min-w-142px max-w-172px h-92px px-20 my-10\">\n                  <img loading=\"lazy\" decoding=\"async\" width=\"300\" height=\"57\" src=\"https:\/\/site-media.citationcanada.com\/app\/uploads\/2022\/11\/07204345\/logo_andrew_peller-1-640x121.png\" class=\"m-auto\" alt=\"Andrew Peller Limited Logo\" \/>\n                <\/div>\n              <\/li>\n                          <li class=\"carousel__slide d-flex flex-center\">\n                <div class=\"client-logos__list-item d-inline-flex align-self-center flex-center min-w-142px max-w-172px h-92px px-20 my-10\">\n                  <img loading=\"lazy\" decoding=\"async\" width=\"79\" height=\"75\" src=\"https:\/\/site-media.citationcanada.com\/app\/uploads\/2022\/11\/07204345\/logo_humane_society-1-320x303.png\" class=\"m-auto\" alt=\"Humane Society of London &amp; Middlesex Award\" \/>\n                <\/div>\n              <\/li>\n                      <\/ul>\n        <\/div>\n      <\/div>\n      <\/div>\n<\/section>\n","protected":false},"excerpt":{"rendered":"","protected":false},"author":39,"featured_media":0,"parent":0,"menu_order":114,"comment_status":"closed","ping_status":"closed","template":"","meta":{"_acf_changed":false,"content-type":"","footnotes":""},"acf":[],"_links":{"self":[{"href":"https:\/\/www.citationcanada.com\/fr\/wp-json\/wp\/v2\/pages\/3539"}],"collection":[{"href":"https:\/\/www.citationcanada.com\/fr\/wp-json\/wp\/v2\/pages"}],"about":[{"href":"https:\/\/www.citationcanada.com\/fr\/wp-json\/wp\/v2\/types\/page"}],"author":[{"embeddable":true,"href":"https:\/\/www.citationcanada.com\/fr\/wp-json\/wp\/v2\/users\/39"}],"replies":[{"embeddable":true,"href":"https:\/\/www.citationcanada.com\/fr\/wp-json\/wp\/v2\/comments?post=3539"}],"version-history":[{"count":6,"href":"https:\/\/www.citationcanada.com\/fr\/wp-json\/wp\/v2\/pages\/3539\/revisions"}],"predecessor-version":[{"id":14682,"href":"https:\/\/www.citationcanada.com\/fr\/wp-json\/wp\/v2\/pages\/3539\/revisions\/14682"}],"wp:attachment":[{"href":"https:\/\/www.citationcanada.com\/fr\/wp-json\/wp\/v2\/media?parent=3539"}],"curies":[{"name":"wp","href":"https:\/\/api.w.org\/{rel}","templated":true}]}}