{"id":3550,"date":"2023-02-13T12:13:41","date_gmt":"2023-02-13T17:13:41","guid":{"rendered":"https:\/\/www.citationcanada.com\/feedback-copy\/"},"modified":"2026-03-17T18:55:25","modified_gmt":"2026-03-17T18:55:25","slug":"commentaires","status":"publish","type":"page","link":"https:\/\/www.citationcanada.com\/fr\/accessibilite\/commentaires\/","title":{"rendered":"Commentaires sur l\u2019accessibilit\u00e9"},"content":{"rendered":"<section class=\"block block--fifty-fifty\">\n  <div class=\"block__inner pt-30 pt-lg-40 pb-30 pb-lg-40 bg-color-grey bg-swirls-none fg-color-black border-radius-bottom-left-default border-radius-bottom-right-default\">\n        <div class=\"container\">\n      <div class=\"row gutter-x-lg-60 mb-40- flex-middle\">\n                  <div class=\"col-12 col-lg-6 remove-end-margins mb-40 order-lg-first\">\n            <div class=\"column-content--text max-w-490w\">\n  <h1><span class=\"TextRun MacChromeBold SCXW180811459 BCX0\" lang=\"FR-CA\" xml:lang=\"FR-CA\" data-contrast=\"none\"><span class=\"NormalTextRun SCXW180811459 BCX0\">Commentaires sur l<\/span><span class=\"NormalTextRun SCXW180811459 BCX0\">\u2019<\/span><span class=\"NormalTextRun SCXW180811459 BCX0\">accessibilit\u00e9<\/span><\/span><\/h1>\n<p>Citation Canada souhaite obtenir les commentaires des personnes en situation de handicap concernant l\u2019accessibilit\u00e9 de son lieu de travail, de ses services et de son service \u00e0 la client\u00e8le.<\/p>\n\n<\/div>\n\n          <\/div>\n                  <div class=\"col-12 col-lg-6 remove-end-margins mb-40 order-lg-last\">\n            <div class=\"column-content--image mt-50 mb-30\">\n  <img decoding=\"async\" width=\"533\" height=\"359\" src=\"https:\/\/site-media.citationcanada.com\/app\/uploads\/2026\/03\/17185258\/Accessibility-for-all-e1684240522508.png\" class=\"attachment-full size-full\" alt=\"\" fetchpriority=\"high\" srcset=\"https:\/\/site-media.citationcanada.com\/app\/uploads\/2026\/03\/17185258\/Accessibility-for-all-e1684240522508.png 533w, https:\/\/site-media.citationcanada.com\/app\/uploads\/2026\/03\/17185258\/Accessibility-for-all-e1684240522508-300x202.png 300w, https:\/\/site-media.citationcanada.com\/app\/uploads\/2026\/03\/17185258\/Accessibility-for-all-e1684240522508-80x54.png 80w, https:\/\/site-media.citationcanada.com\/app\/uploads\/2026\/03\/17185258\/Accessibility-for-all-e1684240522508-150x101.png 150w, https:\/\/site-media.citationcanada.com\/app\/uploads\/2026\/03\/17185258\/Accessibility-for-all-e1684240522508-192x129.png 192w, https:\/\/site-media.citationcanada.com\/app\/uploads\/2026\/03\/17185258\/Accessibility-for-all-e1684240522508-450x303.png 450w\" sizes=\"(max-width: 533px) 100vw, 533px\" \/>\n<\/div>\n\n          <\/div>\n              <\/div>\n    <\/div>\n  <\/div>\n<\/section>\n\n\n<section class=\"block block--content\">\n  <div class=\"block__inner pt-30 pt-lg-40 pb-30 pb-lg-40 bg-color-white bg-swirls-none fg-color-black\">\n        <div class=\"container\">\n      <div class=\"row\">\n        <div class=\"col\">\n          <p>Les commentaires peuvent \u00eatre soumis de l\u2019une des mani\u00e8res suivantes\u202f:<\/p>\n<p><strong>Courriel<\/strong><\/p>\n<p><a href=\"mailto:accessibilityfeedback@citationcanada.com\">accessibilityfeedback@citationcanada.com<\/a><\/p>\n<p><strong>T<span class=\"TextRun MacChromeBold SCXW240900562 BCX0\" lang=\"FR-CA\" xml:lang=\"FR-CA\" data-contrast=\"auto\"><span class=\"NormalTextRun SCXW240900562 BCX0\">\u00e9l\u00e9<\/span><\/span>phone<\/strong><\/p>\n<p>1-877-438-9763 poste 554<\/p>\n<p><strong>Courrier<\/strong><\/p>\n<p>Directeur des produits et services<br \/>\nCitation Canada<br \/>\n727 Exeter Road<br \/>\nLondon, ON N6E 1L3<\/p>\n<p>Lorsque des coordonn\u00e9es sont fournies avec les commentaires re\u00e7us, l\u2019entreprise accuse r\u00e9ception des commentaires et, le cas \u00e9ch\u00e9ant, informe les personnes des mesures prises.<\/p>\n<p>Si vous avez besoin d\u2019un format accessible ou d\u2019un soutien \u00e0 la communication pour fournir des commentaires, l\u2019entreprise travaillera avec vous pour r\u00e9pondre \u00e0 vos besoins, conform\u00e9ment aux exigences applicables de la LAPHO.<\/p>\n\n        <\/div>\n      <\/div>\n    <\/div>\n  <\/div>\n<\/section>\n","protected":false},"excerpt":{"rendered":"","protected":false},"author":39,"featured_media":0,"parent":3536,"menu_order":112,"comment_status":"closed","ping_status":"closed","template":"","meta":{"_acf_changed":false,"content-type":"","footnotes":""},"acf":[],"_links":{"self":[{"href":"https:\/\/www.citationcanada.com\/fr\/wp-json\/wp\/v2\/pages\/3550"}],"collection":[{"href":"https:\/\/www.citationcanada.com\/fr\/wp-json\/wp\/v2\/pages"}],"about":[{"href":"https:\/\/www.citationcanada.com\/fr\/wp-json\/wp\/v2\/types\/page"}],"author":[{"embeddable":true,"href":"https:\/\/www.citationcanada.com\/fr\/wp-json\/wp\/v2\/users\/39"}],"replies":[{"embeddable":true,"href":"https:\/\/www.citationcanada.com\/fr\/wp-json\/wp\/v2\/comments?post=3550"}],"version-history":[{"count":11,"href":"https:\/\/www.citationcanada.com\/fr\/wp-json\/wp\/v2\/pages\/3550\/revisions"}],"predecessor-version":[{"id":17713,"href":"https:\/\/www.citationcanada.com\/fr\/wp-json\/wp\/v2\/pages\/3550\/revisions\/17713"}],"up":[{"embeddable":true,"href":"https:\/\/www.citationcanada.com\/fr\/wp-json\/wp\/v2\/pages\/3536"}],"wp:attachment":[{"href":"https:\/\/www.citationcanada.com\/fr\/wp-json\/wp\/v2\/media?parent=3550"}],"curies":[{"name":"wp","href":"https:\/\/api.w.org\/{rel}","templated":true}]}}