{"id":3564,"date":"2023-02-13T12:33:07","date_gmt":"2023-02-13T17:33:07","guid":{"rendered":"https:\/\/www.citationcanada.com\/contact-us-copy\/"},"modified":"2025-07-08T21:19:54","modified_gmt":"2025-07-08T21:19:54","slug":"nous-contacter","status":"publish","type":"page","link":"https:\/\/www.citationcanada.com\/fr\/nous-contacter\/","title":{"rendered":"Nous Contacter"},"content":{"rendered":"<section class=\"block block--fifty-fifty\">\n  <div class=\"block__inner pt-30 pt-lg-40 pb-30 pb-lg-40 bg-color-grey bg-swirls-none fg-color-black\">\n        <div class=\"container\">\n      <div class=\"row gutter-x-lg-60 mb-40- flex-middle\">\n                  <div class=\"col-12 col-lg-6 remove-end-margins mb-40 order-lg-last\">\n            <div class=\"column-content--image mt-50 mb-30\">\n  <img decoding=\"async\" width=\"491\" height=\"339\" src=\"https:\/\/site-media.citationcanada.com\/app\/uploads\/2024\/06\/07203928\/Contact-Citation-Canada.png\" class=\"attachment-full size-full\" alt=\"Contact Citation Canada\" fetchpriority=\"high\" srcset=\"https:\/\/site-media.citationcanada.com\/app\/uploads\/2024\/06\/07203928\/Contact-Citation-Canada.png 491w, https:\/\/site-media.citationcanada.com\/app\/uploads\/2024\/06\/07203928\/Contact-Citation-Canada-300x207.png 300w, https:\/\/site-media.citationcanada.com\/app\/uploads\/2024\/06\/07203928\/Contact-Citation-Canada-80x55.png 80w, https:\/\/site-media.citationcanada.com\/app\/uploads\/2024\/06\/07203928\/Contact-Citation-Canada-150x104.png 150w, https:\/\/site-media.citationcanada.com\/app\/uploads\/2024\/06\/07203928\/Contact-Citation-Canada-450x311.png 450w\" sizes=\"(max-width: 491px) 100vw, 491px\" \/>\n<\/div>\n\n          <\/div>\n                  <div class=\"col-12 col-lg-6 remove-end-margins mb-40 order-lg-first\">\n            <div class=\"column-content--text max-w-490w\">\n  <h1>Nous Contacter<\/h1>\n<p>Vous cherchez \u00e0 entrer en contact avec nous? Nous sommes pr\u00eats \u00e0 discuter, faites-nous savoir comment nous pouvons vous aider au mieux.<\/p>\n\n<\/div>\n\n          <\/div>\n              <\/div>\n    <\/div>\n  <\/div>\n<\/section>\n\n\n<section class=\"block block--query-card-columns bg-color-grey\">\n  <div class=\"block__inner pt-40 pt-lg-60 pb-40 pb-lg-60 bg-color-gradient bg-swirls-corners fg-color-white border-radius-default max-w-1280px mx-auto\">\n        <div class=\"container\">\n              <div class=\"row flex-center\">\n          <div class=\"col max-w-800px text-center\">\n            <h2 style=\"text-align: center;\">Nos Lignes Sont Ouvertes! Comment Pouvons-Nous Vous Aider?<\/h2>\n\n          <\/div>\n        <\/div>\n                    <div class=\"row flex-center mb-40-\">\n                      <div class=\"col-12 col-md-6 col-xl-4 mb-40\">\n              <div class=\"query-card d-flex flex-column bg-color-white fg-color-black border-radius-35px box-shadow-y overflow-hidden h-100\">\n    <div class=\"query-card__main d-flex flex-column flex-fill remove-end-margins p-30\">\n          <div class=\"query-card__title border-0 border-bottom-2px border-solid border-color-grey-dark text-center mb-10 py-10\">\n        <blockquote class=\"close-quote-marks remove-end-margins font-family-header font-size-18 font-weight-bold m-0\">\n          <p>Je cherche \u00e0 voir une d\u00e9mo<\/p>\n\n        <\/blockquote>\n      <\/div>\n              <div class=\"query-card__content remove-end-margins mb-20\">\n        <p>Nous serions ravis de vous faire d\u00e9couvrir notre plateforme et de vous montrer comment les produits de Citation Canada, formerly HRdownloads, peuvent soutenir votre entreprise.<\/p>\n<p>Convenons d\u2019un moment qui vous convient le mieux pour organiser une d\u00e9monstration.<\/p>\n\n      <\/div>\n              <div class=\"query-card__button mt-auto\">\n        <div class=\"button text-center  w-100\">\n      <a class=\"button__link font-size-16 px-1e\" href=\"https:\/\/www.citationcanada.com\/sales-request-form\/\" >DEMANDEZ UNE D\u00c9MONSTRATION<\/a>\n  <\/div>\n      <\/div>\n      <\/div>\n<\/div>\n            <\/div>\n                      <div class=\"col-12 col-md-6 col-xl-4 mb-40\">\n              <div class=\"query-card d-flex flex-column bg-color-white fg-color-black border-radius-35px box-shadow-y overflow-hidden h-100\">\n    <div class=\"query-card__main d-flex flex-column flex-fill remove-end-margins p-30\">\n          <div class=\"query-card__title border-0 border-bottom-2px border-solid border-color-grey-dark text-center mb-10 py-10\">\n        <blockquote class=\"close-quote-marks remove-end-margins font-family-header font-size-18 font-weight-bold m-0\">\n          <p>J\u2019aimerais devenir partenaire<\/p>\n\n        <\/blockquote>\n      <\/div>\n              <div class=\"query-card__content remove-end-margins mb-20\">\n        <p>Cherchez-vous \u00e0 devenir un partenaire de r\u00e9f\u00e9rence pr\u00e9cieux pour Citation Canada, formerly HRdownloads, ou avez-vous une utilisation unique de notre technologie?<\/p>\n<p>Nous voulons entendre vos id\u00e9es!<\/p>\n\n      <\/div>\n              <div class=\"query-card__button mt-auto\">\n        <div class=\"button text-center  w-100\">\n      <a class=\"button__link font-size-16 px-1e\" href=\"https:\/\/app.hrdownloads.com\/hr\/my-account\/support\" target=&quot;_blank&quot;>Login to get help<\/a>\n  <\/div>\n      <\/div>\n      <\/div>\n<\/div>\n            <\/div>\n                      <div class=\"col-12 col-md-6 col-xl-4 mb-40\">\n              <div class=\"query-card d-flex flex-column bg-color-white fg-color-black border-radius-35px box-shadow-y overflow-hidden h-100\">\n    <div class=\"query-card__main d-flex flex-column flex-fill remove-end-margins p-30\">\n          <div class=\"query-card__title border-0 border-bottom-2px border-solid border-color-grey-dark text-center mb-10 py-10\">\n        <blockquote class=\"close-quote-marks remove-end-margins font-family-header font-size-18 font-weight-bold m-0\">\n          <p>J\u2019ai une demande des m\u00e9dias<\/p>\n\n        <\/blockquote>\n      <\/div>\n              <div class=\"query-card__content remove-end-margins mb-20\">\n        <p>Nous n\u2019avons pas peur de la cam\u00e9ra! Contactez notre \u00e9quipe de marketing ou recevez notre kit m\u00e9dia.<\/p>\n<p>*Pas de photographie au flash s\u2019il vous pla\u00eet.<\/p>\n\n      <\/div>\n              <div class=\"query-card__button mt-auto\">\n        <div class=\"button text-center  w-100\">\n      <a class=\"button__link font-size-16 px-1e\" href=\"https:\/\/www.citationcanada.com\/partner-with-us\/\" >Explorer le partenariat<\/a>\n  <\/div>\n      <\/div>\n      <\/div>\n<\/div>\n            <\/div>\n                  <\/div>\n          <\/div>\n  <\/div>\n<\/section>\n\n\n<section class=\"block block--faqs\">\n  <div class=\"block__inner pt-30 pt-lg-40 pb-30 pb-lg-40 bg-color-grey bg-swirls-none fg-color-black border-radius-bottom-left-default border-radius-bottom-right-default\">\n        <div class=\"container\">\n      <div class=\"row flex-center text-center\">\n        <div class=\"col\">\n                      <div class=\"mb-40 tight-headers remove-end-margins\">\n              <h2 style=\"text-align: center;\"><span class=\"fg-color-gradient\">Questions Frequemment posees<\/span><\/h2>\n<p style=\"text-align: center;\">pour les probl\u00e8mes d&rsquo;assistance courants<\/p>\n\n            <\/div>\n                  <\/div>\n      <\/div>\n      <div class=\"row flex-center\">\n        <div class=\"col max-w-1055px\">\n          <ul class=\"accordion\" data-accordion role=\"tablist\" data-allow-all-closed=\"true\" data-multi-expand=\"true\" data-deep-link=\"true\" data-deep-link-smudge=\"true\" data-deep-link-smudge-delay=\"600\" data-deep-link-smudge-offset=\"200\">\n          <li class=\"accordion-item\" data-accordion-item role=\"presentation\">\n        <a href=\"#i-need-help-logging-in\" class=\"accordion-title\" role=\"tab\">I need help logging in<\/a>\n        <div id=\"i-need-help-logging-in\" class=\"accordion-content\" data-tab-content role=\"tabpanel\">\n          <p>Having trouble logging into your Citation Canada account? This quick guide will support both admins and users in getting back into your account.<\/p>\n<h3>For Platform Users<\/h3>\n<p>If you cannot access the platform, you can use the\u00a0<strong>forgot password function here<\/strong>\u00a0(<a href=\"https:\/\/app.citationcanada.com\/forgot-password\" target=\"_blank\" rel=\"noopener\">https:\/\/app.citationcanada.com\/forgot-password<\/a>) with the e-mail address that your organization\u2019s administrator entered to set up your Citation Canada access.<\/p>\n<p>If you are trying to\u00a0<strong>log in for the first time<\/strong>, refer to the activation e-mail sent to you by your organization\u2019s administrator. The subject line should be, \u201cYour Citation Canada account is now active!\u201d Follow the instructions in the e-mail and any on-screen prompts from our platform.<\/p>\n<p><strong>If you do not know what e-mail address was used or are unsuccessful with any of the above steps, please contact your organization\u2019s Citation Canada administrator directly.<\/strong><\/p>\n<h3>For Account Administrators<\/h3>\n<p>If you cannot access the platform, you can use the\u00a0<strong>forgot password function here<\/strong>\u00a0(<a href=\"https:\/\/app.citationcanada.com\/forgot-password\">https:\/\/app.citationcanada.com\/forgot-password<\/a>) with the e-mail address associated with your Citation Canada account. This should be the address where you most recently received an e-mail from our company<br \/>\nIf for any reason the password reset does not resolve the issue or if you have any follow-up questions, please give us a call at 1-877-438-9763 extension 2 so that we can better assist you.<\/p>\n        <\/div>\n      <\/li>\n          <li class=\"accordion-item\" data-accordion-item role=\"presentation\">\n        <a href=\"#im-having-trouble-with-a-quiz\" class=\"accordion-title\" role=\"tab\">I&rsquo;m having trouble with a quiz<\/a>\n        <div id=\"im-having-trouble-with-a-quiz\" class=\"accordion-content\" data-tab-content role=\"tabpanel\">\n          <p>Having trouble with a Citation Canada quiz? This quick guide will support both Admin\u2019s and Users in common quiz hurdles.<\/p>\n<h3>For Platform Users<\/h3>\n<p>If you are unable to take the quiz after clicking the \u201cTake quiz\u201d button, you should be presented with a message explaining why you are unable to take the quiz. If you are still having issues, please speak with your organization\u2019s HR administrator; this should be the person who assigned you training. Most often, this message will indicates they have enabled a feature that requires employees watch the training video before they can take the associated quiz. Please note that this function is based on the total runtime of the course.<\/p>\n<p>If you are getting this message it means that your organization\u2019s HR administrator has enabled this feature, and you must watch more of the video to unlock the quiz.<\/p>\n<h3>For Account Administrators<\/h3>\n<p>If an employee does not see the quiz after clicking the \u201cTake Quiz\u201d button, check the product settings for your organization (<a href=\"https:\/\/app.citationcanada.com\/hr\/my-account\/product-settings\" target=\"_blank\" rel=\"noopener\">https:\/\/app.citationcanada.com\/hr\/my-account\/product-settings<\/a>).<br \/>\nAs an administrator, you can decide whether your staff must watch the training video before they can take the quiz. Most clients enable this feature to ensure employees absorb and retain the content delivered.<\/p>\n<p>If this feature is toggled on, the employee must watch the training video for at least 50% of its duration to unlock the quiz. This feature is measured by the runtime, so if an employee skips ahead, they still must meet the runtime threshold to unlock the quiz. The employee will be presented with a pop-up informing them that they need to watch more of the video.<\/p>\n<p>If you have toggled on this feature, you can be confident that the user needs to watch more of the video to take the quiz.<\/p>\n<p>If for any reason this does not resolve the issue or you have any follow-up questions, please give us a call at 1-877-438-9763 extension 2 so that we can better assist you!<\/p>\n<h3>Still having trouble?<\/h3>\n<p><a href=\"https:\/\/app.hrdownloads.com\/hr\/my-account\/support\" target=\"_blank\" rel=\"noopener\">Contact support<\/a><\/p>\n        <\/div>\n      <\/li>\n          <li class=\"accordion-item\" data-accordion-item role=\"presentation\">\n        <a href=\"#im-having-trouble-with-e-mail-verification-and-changes\" class=\"accordion-title\" role=\"tab\">I\u2019m having trouble with e-mail verification and changes<\/a>\n        <div id=\"im-having-trouble-with-e-mail-verification-and-changes\" class=\"accordion-content\" data-tab-content role=\"tabpanel\">\n          <p>Having trouble with an e-mails being sent ? This quick guide will support both Admin\u2019s and Users in common quiz hurdles.<\/p>\n<h3>For Account Administrators<\/h3>\n<p>If you are changing an e-mail address in HRdrive and the new address does not appear to be saving, the employee must first confirm the e-mail change for the system to update.<\/p>\n<p>For security purposes, when an HR administrator updates an e-mail address for an active employee in HRdrive, two messages are sent:<\/p>\n<ul>\n<li>A message to the original e-mail address on file to let them know that their e-mail has been changed on the account; and<\/li>\n<li>A message to the new e-mail address that contains a link for the employee to click to confirm the e-mail change.<\/li>\n<\/ul>\n<p>Once your employee clicks the link, their profile updates with the e-mail address you entered, and any subsequent communications go to that new e-mail. If for any reason this does not resolve the issue or you have any follow-up questions, please give us a call at\u00a0<a href=\"tel:1-877-438-9763\">1-877-438-9763<\/a>\u00a0extension 2 so that we can better assist you!<\/p>\n        <\/div>\n      <\/li>\n          <li class=\"accordion-item\" data-accordion-item role=\"presentation\">\n        <a href=\"#im-having-trouble-changing-a-users-access-level\" class=\"accordion-title\" role=\"tab\">I\u2019m having trouble changing a user\u2019s access level<\/a>\n        <div id=\"im-having-trouble-changing-a-users-access-level\" class=\"accordion-content\" data-tab-content role=\"tabpanel\">\n          <p>Having trouble with changing a user\u2019s access level within our platform? This quick guide will support Admins in changing user access.<\/p>\n<h3>For Account Administrators<\/h3>\n<p>If you would like to add or change an HR administrator, it is easy to do on the platform:<\/p>\n<ul>\n<li>First, make sure that the person you want to grant administrator access to has been added to the Citation Canada platform.<\/li>\n<li>Then, to complete the process, simply add the HR administrator role to the \u201cAccess level\u201d field on their employee profile (located in the Personal Details section).<\/li>\n<\/ul>\n<p>You can also refer to the administrator quick-start guide here (<a href=\"https:\/\/app.citationcanada.com\/hr\/my-account\/support\" target=\"_blank\" rel=\"noopener\">https:\/\/app.citationcanada.com\/hr\/my-account\/support<\/a>), which contains useful information about assigning access levels on page 10.<\/p>\n<h3>Still having trouble?<\/h3>\n<p><a href=\"https:\/\/app.hrdownloads.com\/hr\/my-account\/support\" target=\"_blank\" rel=\"noopener\">Contact support<\/a><\/p>\n        <\/div>\n      <\/li>\n          <li class=\"accordion-item\" data-accordion-item role=\"presentation\">\n        <a href=\"#im-having-trouble-adding-employees-to-the-platform\" class=\"accordion-title\" role=\"tab\">I\u2019m having trouble adding employees to the platform<\/a>\n        <div id=\"im-having-trouble-adding-employees-to-the-platform\" class=\"accordion-content\" data-tab-content role=\"tabpanel\">\n          <p>Having trouble adding your employees to Citation Canada&rsquo;s platform? Give this quick guide a read for more information on the process.<\/p>\n<h3>For Account Administrators<\/h3>\n<h4>If your organization joined before February 2, 2026:<\/h4>\n<p>If you would like to add employees, it is easy to do on the platform:<\/p>\n<ul>\n<li>First, in the navigation bar on the left, click on \u00ab\u00a0HRdrive <sup class=\"\" data-v-1778b2a8=\"\">\u00ae <\/sup>\u00a0\u00bb and open the \u00ab\u00a0Employees\u201d page.<\/li>\n<li>Then, on the right-hand side of the page, click on the ellipsis icon ( \u2026 ). If you want to add a single Employee, click \u00ab\u00a0Add Employee.\u00a0\u00bb If you want to add employees in bulk, click \u00ab\u00a0Bulk Import.\u00a0\u00bb<\/li>\n<\/ul>\n<p>You can also refer to the Adding Employees guide in our support centre (<a href=\"https:\/\/app.citationcanada.com\/hr\/my-account\/support\" target=\"_blank\" rel=\"noopener\">https:\/\/app.citationcanada.com\/hr\/my-account\/support<\/a>), which will walk you through the process.<\/p>\n<h4>If your organization signed up with Citation Canada on or after February 2, 2026:<\/h4>\n<p>If you would like to add employees, it is easy to do on the platform:<\/p>\n<ul>\n<li>First, in the navigation bar on the left, click on \u201cEmployees\u201d page.<\/li>\n<li>Then, if you want to add a single Employee, click \u00ab\u00a0Add Employee\u00a0\u00bb button on the right. If you want to add employees in bulk, on the right-hand side of the page, click on the ellipsis icon ( \u2026 ) and click \u00ab\u00a0Import Employee Data.\u00a0\u00bb<\/li>\n<\/ul>\n<p>You can also refer to the support article here (<a href=\"https:\/\/support.atlas-hub.ca\/en\/articles\/13213919-how-do-i-add-or-remove-an-employee-record\" target=\"_blank\" rel=\"noopener\">https:\/\/support.atlas-hub.ca\/en\/articles\/13213919-how-do-i-add-or-remove-an-employee-record<\/a>), which contains useful information about adding employees in Atlas.<\/p>\n<h3>Still having trouble?<\/h3>\n<p><a class=\"btn btn--solidBlue\" href=\"https:\/\/app.hrdownloads.com\/hr\/my-account\/support\" target=\"_blank\" rel=\"noopener\">Contact Support<\/a><\/p>\n        <\/div>\n      <\/li>\n      <\/ul>\n        <\/div>\n      <\/div>\n    <\/div>\n  <\/div>\n<\/section>\n\n\n<section class=\"block block--post-cards\">\n  <div class=\"block__inner pt-30 pt-lg-40 pb-30 pb-lg-40 bg-color-white bg-swirls-none fg-color-black\">\n        <div class=\"container\">\n              <div class=\"row flex-center\">\n          <div class=\"col max-w-900px text-center\">\n            <h2 style=\"margin-bottom: 0;\">D\u00e9couvrez qui nous sommes<\/h2>\n<p>Une collection d\u2019articles et autres communiqu\u00e9s de presse qui c\u00e9l\u00e9brent Citation Canada, formerly HRdownloads<\/p>\n<p>&nbsp;&nbsp;<\/p>\n\n          <\/div>\n        <\/div>\n                    <div class=\"row flex-center gutter-x-55 gutter-y-75\">\n                      <div class=\"col-12 col-md-6 col-xl-4 mb-40\">\n              <div class=\"card d-flex flex-column mx-auto border-radius-35px bg-color-white fg-color-black box-shadow-drop p-20 overflow-hidden h-100\">\n  <div class=\"card__image mx-20- mt-20- mb-20\">\n    <div class=\"image-cover h-200px\">\n      <img loading=\"lazy\" decoding=\"async\" width=\"534\" height=\"360\" src=\"https:\/\/site-media.citationcanada.com\/app\/uploads\/2024\/01\/07204016\/WHMIS-Blog-Feature_1.png\" class=\"attachment-large size-large wp-post-image\" alt=\"\" srcset=\"https:\/\/site-media.citationcanada.com\/app\/uploads\/2024\/01\/07204016\/WHMIS-Blog-Feature_1.png 534w, https:\/\/site-media.citationcanada.com\/app\/uploads\/2024\/01\/07204016\/WHMIS-Blog-Feature_1-320x216.png 320w\" sizes=\"(max-width: 534px) 100vw, 534px\" \/>\n    <\/div>\n  <\/div>\n  <div class=\"card__title mb-15 mb-lg-30 font-weight-bold\">\n    When Is WHMIS Training Required?\u00a0\n  <\/div>\n  <div class=\"card__content mb-auto\">\n    Keeping workers safe is a top priority for any organization, and the Workplace Hazardous Materials Information System (WHMIS) \n  <\/div>\n  <div class=\"card__cta d-flex flex-row flex-between mt-30\">\n    <div class=\"card__button\">\n              <div class=\"button text-center button--outline-pink \">\n      <a class=\"button__link font-size-13\" href=\"https:\/\/www.citationcanada.com\/fr\/blog\/article\/when-is-whmis-training-required\/\" >Lisez maintenant<\/a>\n  <\/div>\n          <\/div>\n    <div class=\"card__tags text-right\">\n      <div class=\"post-tags d-flex flex-wrap flex-bottom flex-end h-100 gx-2\">\n                  <div class=\"post-grid-item__tag post-tags__tag post-tags__tag--tax post-tags__tag--category\">\n            <span class=\"font-size-11 letter-spacing-tight-medium\">Health and Safety<\/span>\n          <\/div>\n              <\/div>\n    <\/div>\n  <\/div>\n<\/div>\n            <\/div>\n                      <div class=\"col-12 col-md-6 col-xl-4 mb-40\">\n              <div class=\"card d-flex flex-column mx-auto border-radius-35px bg-color-white fg-color-black box-shadow-drop p-20 overflow-hidden h-100\">\n  <div class=\"card__image mx-20- mt-20- mb-20\">\n    <div class=\"image-cover h-200px\">\n      <img loading=\"lazy\" decoding=\"async\" width=\"533\" height=\"359\" src=\"https:\/\/site-media.citationcanada.com\/app\/uploads\/2024\/01\/07203434\/Blog-Feature-Helping-Gen-Z-find-their-place-in-the-workplace.png\" class=\"attachment-large size-large wp-post-image\" alt=\"A Gen Z employee is smiling while working at their workplace\" srcset=\"https:\/\/site-media.citationcanada.com\/app\/uploads\/2024\/01\/07203434\/Blog-Feature-Helping-Gen-Z-find-their-place-in-the-workplace.png 533w, https:\/\/site-media.citationcanada.com\/app\/uploads\/2024\/01\/07203434\/Blog-Feature-Helping-Gen-Z-find-their-place-in-the-workplace-300x202.png 300w, https:\/\/site-media.citationcanada.com\/app\/uploads\/2024\/01\/07203434\/Blog-Feature-Helping-Gen-Z-find-their-place-in-the-workplace-80x54.png 80w, https:\/\/site-media.citationcanada.com\/app\/uploads\/2024\/01\/07203434\/Blog-Feature-Helping-Gen-Z-find-their-place-in-the-workplace-150x101.png 150w, https:\/\/site-media.citationcanada.com\/app\/uploads\/2024\/01\/07203434\/Blog-Feature-Helping-Gen-Z-find-their-place-in-the-workplace-192x129.png 192w, https:\/\/site-media.citationcanada.com\/app\/uploads\/2024\/01\/07203434\/Blog-Feature-Helping-Gen-Z-find-their-place-in-the-workplace-450x303.png 450w\" sizes=\"(max-width: 533px) 100vw, 533px\" \/>\n    <\/div>\n  <\/div>\n  <div class=\"card__title mb-15 mb-lg-30 font-weight-bold\">\n    Attracting and managing Gen Z in the workplace\n  <\/div>\n  <div class=\"card__content mb-auto\">\n    Until recently, the focus in HR has been on Millennials entering the workforce and how to help them make the transition into their careers. \n  <\/div>\n  <div class=\"card__cta d-flex flex-row flex-between mt-30\">\n    <div class=\"card__button\">\n              <div class=\"button text-center button--outline-pink \">\n      <a class=\"button__link font-size-13\" href=\"https:\/\/www.citationcanada.com\/fr\/blog\/article\/gen-z-in-the-workplace\/\" >Lisez maintenant<\/a>\n  <\/div>\n          <\/div>\n    <div class=\"card__tags text-right\">\n      <div class=\"post-tags d-flex flex-wrap flex-bottom flex-end h-100 gx-2\">\n                  <div class=\"post-grid-item__tag post-tags__tag post-tags__tag--tax post-tags__tag--category\">\n            <span class=\"font-size-11 letter-spacing-tight-medium\">People Leadership<\/span>\n          <\/div>\n              <\/div>\n    <\/div>\n  <\/div>\n<\/div>\n            <\/div>\n                  <\/div>\n                <\/div>\n  <\/div>\n<\/section>\n","protected":false},"excerpt":{"rendered":"","protected":false},"author":39,"featured_media":0,"parent":0,"menu_order":108,"comment_status":"closed","ping_status":"closed","template":"","meta":{"_acf_changed":false,"content-type":"","footnotes":""},"acf":[],"_links":{"self":[{"href":"https:\/\/www.citationcanada.com\/fr\/wp-json\/wp\/v2\/pages\/3564"}],"collection":[{"href":"https:\/\/www.citationcanada.com\/fr\/wp-json\/wp\/v2\/pages"}],"about":[{"href":"https:\/\/www.citationcanada.com\/fr\/wp-json\/wp\/v2\/types\/page"}],"author":[{"embeddable":true,"href":"https:\/\/www.citationcanada.com\/fr\/wp-json\/wp\/v2\/users\/39"}],"replies":[{"embeddable":true,"href":"https:\/\/www.citationcanada.com\/fr\/wp-json\/wp\/v2\/comments?post=3564"}],"version-history":[{"count":11,"href":"https:\/\/www.citationcanada.com\/fr\/wp-json\/wp\/v2\/pages\/3564\/revisions"}],"predecessor-version":[{"id":14691,"href":"https:\/\/www.citationcanada.com\/fr\/wp-json\/wp\/v2\/pages\/3564\/revisions\/14691"}],"wp:attachment":[{"href":"https:\/\/www.citationcanada.com\/fr\/wp-json\/wp\/v2\/media?parent=3564"}],"curies":[{"name":"wp","href":"https:\/\/api.w.org\/{rel}","templated":true}]}}