{"id":9052,"date":"2024-06-24T12:11:27","date_gmt":"2024-06-24T12:11:27","guid":{"rendered":"https:\/\/www.citationcanada.com\/?page_id=9052"},"modified":"2025-02-04T19:46:06","modified_gmt":"2025-02-04T19:46:06","slug":"devenir-un-partenaire-2","status":"publish","type":"page","link":"https:\/\/www.citationcanada.com\/fr\/devenir-un-partenaire-2\/","title":{"rendered":"Devenir un Partenaire"},"content":{"rendered":"<section class=\"block block--fifty-fifty\">\n  <div class=\"block__inner pt-30 pt-lg-40 pb-30 pb-lg-40 bg-color-white bg-swirls-none fg-color-black\">\n        <div class=\"container\">\n      <div class=\"row gutter-x-lg-60 mb-40- flex-middle\">\n                  <div class=\"col-12 col-lg-6 remove-end-margins mb-40 order-lg-first\">\n            <div class=\"column-content--text max-w-490w\">\n  <h1 class=\"heroContentInner__heading heroContentInner__heading--becomeAPartnerHero\">Devenir un<br \/>\nPartenaire<\/h1>\n<p>Citation Canada d\u00e9veloppe activement son r\u00e9seau de partenariats mutuellement b\u00e9n\u00e9fiques. Notre objectif est de toujours d\u00e9velopper des programmes qui r\u00e9pondent aux objectifs des deux parties, \u00e0 savoir apporter une valeur ajout\u00e9e \u00e0 un public que nous partageons.<\/p>\n\n<\/div>\n\n          <\/div>\n                  <div class=\"col-12 col-lg-6 remove-end-margins mb-40 order-lg-last\">\n            <div class=\"column-content--image mt-50 mb-30\">\n  <img decoding=\"async\" width=\"830\" height=\"628\" src=\"https:\/\/site-media.citationcanada.com\/app\/uploads\/2022\/12\/07204253\/hero_become_a_partner.png\" class=\"attachment-full size-full\" alt=\"&quot; &quot;\" fetchpriority=\"high\" srcset=\"https:\/\/site-media.citationcanada.com\/app\/uploads\/2022\/12\/07204253\/hero_become_a_partner.png 830w, https:\/\/site-media.citationcanada.com\/app\/uploads\/2022\/12\/07204253\/hero_become_a_partner-640x484.png 640w, https:\/\/site-media.citationcanada.com\/app\/uploads\/2022\/12\/07204253\/hero_become_a_partner-768x581.png 768w, https:\/\/site-media.citationcanada.com\/app\/uploads\/2022\/12\/07204253\/hero_become_a_partner-320x242.png 320w\" sizes=\"(max-width: 830px) 100vw, 830px\" \/>\n<\/div>\n\n          <\/div>\n              <\/div>\n    <\/div>\n  <\/div>\n<\/section>\n\n\n<section class=\"block block--form\">\n  <div class=\"block__inner pt-30 pt-lg-40 pb-30 pb-lg-40 bg-color-white bg-swirls-none fg-color-black\">\n        <div class=\"container\">\n      <div class=\"row\">\n        <div class=\"col\">\n          <div class=\"d-block w-600px max-w-100 mx-auto bg-color-white border-2px border-solid border-color-transparent border-color-gradient fg-color-body p-30 pt-45 border-radius-35px\">\n                        \n          <\/div>\n        <\/div>\n      <\/div>\n    <\/div>\n  <\/div>\n<\/section>\n","protected":false},"excerpt":{"rendered":"","protected":false},"author":29,"featured_media":0,"parent":0,"menu_order":27,"comment_status":"closed","ping_status":"closed","template":"","meta":{"_acf_changed":false,"content-type":"","footnotes":""},"acf":[],"_links":{"self":[{"href":"https:\/\/www.citationcanada.com\/fr\/wp-json\/wp\/v2\/pages\/9052"}],"collection":[{"href":"https:\/\/www.citationcanada.com\/fr\/wp-json\/wp\/v2\/pages"}],"about":[{"href":"https:\/\/www.citationcanada.com\/fr\/wp-json\/wp\/v2\/types\/page"}],"author":[{"embeddable":true,"href":"https:\/\/www.citationcanada.com\/fr\/wp-json\/wp\/v2\/users\/29"}],"replies":[{"embeddable":true,"href":"https:\/\/www.citationcanada.com\/fr\/wp-json\/wp\/v2\/comments?post=9052"}],"version-history":[{"count":2,"href":"https:\/\/www.citationcanada.com\/fr\/wp-json\/wp\/v2\/pages\/9052\/revisions"}],"predecessor-version":[{"id":13308,"href":"https:\/\/www.citationcanada.com\/fr\/wp-json\/wp\/v2\/pages\/9052\/revisions\/13308"}],"wp:attachment":[{"href":"https:\/\/www.citationcanada.com\/fr\/wp-json\/wp\/v2\/media?parent=9052"}],"curies":[{"name":"wp","href":"https:\/\/api.w.org\/{rel}","templated":true}]}}